{"id":346,"date":"2025-06-25T19:46:29","date_gmt":"2025-06-25T17:46:29","guid":{"rendered":"https:\/\/new.fedorowska.pl\/?page_id=346"},"modified":"2025-06-28T11:54:07","modified_gmt":"2025-06-28T09:54:07","slug":"mediacja-cywilna","status":"publish","type":"page","link":"https:\/\/new.fedorowska.pl\/index.php\/mediacja-cywilna\/","title":{"rendered":"Mediacja cywilna"},"content":{"rendered":"<p>[et_pb_section fb_built=&#8221;1&#8243; _builder_version=&#8221;4.20.4&#8243; _module_preset=&#8221;default&#8221; background_image=&#8221;http:\/\/new.fedorowska.pl\/wp-content\/uploads\/2025\/06\/wiezowce-scaled.jpg&#8221; background_position=&#8221;top_center&#8221; min_height=&#8221;498px&#8221; min_height_tablet=&#8221;498px&#8221; min_height_phone=&#8221;498px&#8221; min_height_last_edited=&#8221;on|phone&#8221; custom_padding=&#8221;37px||40px|||&#8221; filter_saturate=&#8221;99%&#8221; global_colors_info=&#8221;{}&#8221;][et_pb_row column_structure=&#8221;3_5,2_5&#8243; _builder_version=&#8221;4.20.4&#8243; _module_preset=&#8221;default&#8221; global_colors_info=&#8221;{}&#8221;][et_pb_column type=&#8221;3_5&#8243; _builder_version=&#8221;4.20.4&#8243; _module_preset=&#8221;default&#8221; global_colors_info=&#8221;{}&#8221;][et_pb_text _builder_version=&#8221;4.20.4&#8243; _module_preset=&#8221;default&#8221; text_font_size=&#8221;20px&#8221; header_font=&#8221;|800|||||||&#8221; header_text_color=&#8221;#B37F6E&#8221; header_font_size=&#8221;35px&#8221; custom_padding=&#8221;20px||||false|false&#8221; global_colors_info=&#8221;{}&#8221;]<\/p>\n<h1>Mediacja cywilna<\/h1>\n<p>&nbsp;<\/p>\n<p>[\/et_pb_text][\/et_pb_column][et_pb_column type=&#8221;2_5&#8243; _builder_version=&#8221;4.20.4&#8243; _module_preset=&#8221;default&#8221; global_colors_info=&#8221;{}&#8221;][et_pb_blurb title=&#8221;Wy\u015blij pytanie do mediatora&#8221; url=&#8221;mailto:mediacje@fedorowska.pl&#8221; use_icon=&#8221;on&#8221; font_icon=&#8221;&#x74;||divi||400&#8243; icon_color=&#8221;#FFFFFF&#8221; _builder_version=&#8221;4.20.4&#8243; _module_preset=&#8221;default&#8221; header_text_align=&#8221;center&#8221; body_text_align=&#8221;center&#8221; background_color=&#8221;#003D03&#8243; use_background_color_gradient=&#8221;on&#8221; background_color_gradient_stops=&#8221;#007c34 0%|#033d03 100%&#8221; image_icon_custom_padding=&#8221;5px||5px||true|false&#8221; background_layout=&#8221;dark&#8221; custom_padding=&#8221;1vw|1vw|1vw|1vw|true|true&#8221; global_colors_info=&#8221;{}&#8221;][\/et_pb_blurb][\/et_pb_column][\/et_pb_row][\/et_pb_section][et_pb_section fb_built=&#8221;1&#8243; _builder_version=&#8221;4.20.4&#8243; _module_preset=&#8221;default&#8221; custom_padding=&#8221;29px|||||&#8221; global_colors_info=&#8221;{}&#8221;][et_pb_row _builder_version=&#8221;4.20.4&#8243; _module_preset=&#8221;default&#8221; global_colors_info=&#8221;{}&#8221;][et_pb_column type=&#8221;4_4&#8243; _builder_version=&#8221;4.20.4&#8243; _module_preset=&#8221;default&#8221; global_colors_info=&#8221;{}&#8221;][et_pb_text module_id=&#8221;pytaniaogolne&#8221; _builder_version=&#8221;4.20.4&#8243; _module_preset=&#8221;default&#8221; header_2_text_color=&#8221;#B37F6E&#8221; header_2_font_size=&#8221;35px&#8221; global_colors_info=&#8221;{}&#8221;]<\/p>\n<h2 style=\"text-align: center;\">Mediacja cywilna<\/h2>\n<p>[\/et_pb_text][\/et_pb_column][\/et_pb_row][et_pb_row _builder_version=&#8221;4.20.4&#8243; _module_preset=&#8221;default&#8221; global_colors_info=&#8221;{}&#8221;][et_pb_column type=&#8221;4_4&#8243; _builder_version=&#8221;4.20.4&#8243; _module_preset=&#8221;default&#8221; global_colors_info=&#8221;{}&#8221;][et_pb_accordion _builder_version=&#8221;4.20.4&#8243; _module_preset=&#8221;default&#8221; hover_enabled=&#8221;0&#8243; global_colors_info=&#8221;{}&#8221; toggle_line_height=&#8221;1.3em&#8221; sticky_enabled=&#8221;0&#8243;][et_pb_accordion_item title=&#8221;Przy podziale maj\u0105tku dorobkowego ma\u0142\u017ce\u0144skiego, w kt\u00f3rego sk\u0142ad wchodzi nieruchomo\u015b\u0107&#8221; open=&#8221;on&#8221; _builder_version=&#8221;4.20.4&#8243; _module_preset=&#8221;default&#8221; global_colors_info=&#8221;{}&#8221;]<\/p>\n<p>W takim przypadku wycena nieruchomo\u015bci przez rzeczoznawc\u0119 maj\u0105tkowego jest niezb\u0119dna tylko wtedy, gdy strony nie mog\u0105 si\u0119 porozumie\u0107, co do jej warto\u015bci lub gdy ustalona wsp\u00f3lnie warto\u015b\u0107 ra\u017c\u0105co odbiega od \u015bredniej rynkowej warto\u015bci danego typu nieruchomo\u015bci.<br \/>Najprostszym rozwi\u0105zaniem, najcz\u0119\u015bciej stosowanym przez strony, jest przestudiowanie czasopism po\u015bwi\u0119conych sprzeda\u017cy nieruchomo\u015bci i por\u00f3wnanie w\u0142asnych oczekiwa\u0144 z propozycjami rynku. Innym jest skierowanie pytania do biura nieruchomo\u015bci. Wtedy ustalenie \u015bredniej warto\u015bci nie nastr\u0119cza trudno\u015bci stronom, sprowadza koszt wyceny do zera i oszcz\u0119dza czas.<\/p>\n<p>[\/et_pb_accordion_item][et_pb_accordion_item title=&#8221;Kwestia podatku od nieruchomo\u015bci, je\u015bli zosta\u0142a ona nabyta w drodze zawarcia ugody przed mediatorem &#8221; _builder_version=&#8221;4.20.4&#8243; _module_preset=&#8221;default&#8221; global_colors_info=&#8221;{}&#8221; open=&#8221;off&#8221;]<\/p>\n<p>Nabycie w\u0142asno\u015bci nieruchomo\u015bci lub ich cz\u0119\u015bci na podstawie ugody lub orzeczenia jest wolne od podatk\u00f3w i op\u0142at z tym zwi\u0105zanych. (Dz.Ust. 167 z dnia 01.09.2005, poz. 1398)<\/p>\n<p>[\/et_pb_accordion_item][et_pb_accordion_item title=&#8221;Zmiana wpisu w ksi\u0119gach wieczystych dotycz\u0105ca zmiany w\u0142a\u015bciciela po zawarciu ugody przed mediatorem &#8221; _builder_version=&#8221;4.20.4&#8243; _module_preset=&#8221;default&#8221; global_colors_info=&#8221;{}&#8221; open=&#8221;off&#8221;]<\/p>\n<p>Prawodawca nie precyzuje jasno, jaki jest obowi\u0105zek stron co do nabytych w wyniku ugody nieruchomo\u015bci. Mo\u017ce si\u0119 zdarzy\u0107, \u017ce b\u0119dzie trzeba skorzysta\u0107 z us\u0142ug notariusza na podstawie ugody zawartej przed mediatorem i zatwierdzonej przez s\u0105d.<br \/>Decyduje o tym Wydzia\u0142 Ksi\u0105g Wieczystych. Ma on obowi\u0105zek uzna\u0107 ugod\u0119 zawart\u0105 przed mediatorem i zatwierdzon\u0105 przez s\u0105d i powinno to wystarczy\u0107 do wprowadzenia zmian w ksi\u0119dze wieczystej.<br \/>Ugoda zawarta przed mediatorem ma po jej zatwierdzeniu przez s\u0105d moc prawn\u0105 ugody zawartej przed s\u0105dem. (Dz. Ust. 172, z 2005 roku, poz. 1438)<\/p>\n<p>[\/et_pb_accordion_item][et_pb_accordion_item title=&#8221;Sp\u00f3r o spadek np. po babci lub dziadku, gdy strony uwa\u017caj\u0105, i\u017c nale\u017cy si\u0119 im wi\u0119ksza jego cz\u0119\u015b\u0107 lub nie zgadzaj\u0105 si\u0119 co do warto\u015bci tego maj\u0105tku. &#8221; _builder_version=&#8221;4.20.4&#8243; _module_preset=&#8221;default&#8221; global_colors_info=&#8221;{}&#8221; open=&#8221;off&#8221;]<\/p>\n<p>Je\u017celi wszystkie strony sporu wyra\u017c\u0105 zgod\u0119 na mediacj\u0119 w tej sprawie, wystarczy \u017ce jedna ze stron nawi\u0105\u017ce kontakt z mediatorem. Mo\u017ce te\u017c sama wcze\u015bniej odebra\u0107 pisemn\u0105 lub ustn\u0105 zgod\u0119 stron na przyst\u0105pienie do mediacji.<\/p>\n<p>Nale\u017cy by\u0107 \u015bwiadomym, \u017ce je\u017celi interesy stron s\u0105 sprzeczne ze sob\u0105 (wchodz\u0105 w kolizj\u0119), to wypracowana ugoda b\u0119dzie mia\u0142a charakter kompromisu, do kt\u00f3rego ka\u017cda ze stron musi by\u0107 gotowa. Mediacja s\u0142u\u017cy uzyskaniu przez strony zak\u0142adanego rezultatu przy uwzgl\u0119dnieniu wzajemnych priorytet\u00f3w i preferencji.<\/p>\n<p>[\/et_pb_accordion_item][et_pb_accordion_item title=&#8221;Korzy\u015bci z podzia\u0142u maj\u0105tku przed mediatorem a nie przed s\u0105dem &#8221; _builder_version=&#8221;4.20.4&#8243; _module_preset=&#8221;default&#8221; global_colors_info=&#8221;{}&#8221; open=&#8221;off&#8221;]<\/p>\n<p>Mediacja cywilna pozwala na podzia\u0142 maj\u0105tku zgodny z wol\u0105 stron. Dzi\u0119ki obecno\u015bci neutralnego mediatora, byli ma\u0142\u017conkowie szybciej i efektywniej dochodz\u0105 do swoich potrzeb i znajduj\u0105 wykonalne i satysfakcjonuj\u0105ce obie strony rozwi\u0105zanie. Praktyka pokazuje, \u017ce porozumienie, kt\u00f3re ma\u0142\u017conkowie sami wypracuj\u0105 zostanie zrealizowane, gdy\u017c z za\u0142o\u017cenia jest zgodne z ich decyzj\u0105 i wol\u0105. Strony bardziej uto\u017csamiaj\u0105 si\u0119 z tre\u015bci\u0105 ugody sporz\u0105dzonej samodzielnie ni\u017c z decyzj\u0105 s\u0105du, kt\u00f3ra cz\u0119sto budzi z\u0142o\u015b\u0107 i \u017cal.<\/p>\n<p>Mediacja cywilna chroni strony przed eskalacj\u0105 konflikt\u00f3w w przysz\u0142o\u015bci. Ma to du\u017ce znaczenie, gdy rozstaj\u0105cy si\u0119 ma\u0142\u017conkowie maj\u0105 ma\u0142e dzieci i w przysz\u0142o\u015bci b\u0119d\u0105 kontaktowa\u0107 si\u0119 ze sob\u0105 ze wzgl\u0119du na nie.<\/p>\n<p>[\/et_pb_accordion_item][\/et_pb_accordion][\/et_pb_column][\/et_pb_row][et_pb_row _builder_version=&#8221;4.20.4&#8243; _module_preset=&#8221;default&#8221; global_colors_info=&#8221;{}&#8221;][et_pb_column type=&#8221;4_4&#8243; _builder_version=&#8221;4.20.4&#8243; _module_preset=&#8221;default&#8221; global_colors_info=&#8221;{}&#8221;][et_pb_button button_text=&#8221;WNIOSEK O MEDIACJ\u0118&#8221; button_alignment=&#8221;center&#8221; _builder_version=&#8221;4.20.4&#8243; custom_button=&#8221;on&#8221; button_text_size=&#8221;15px&#8221; button_text_color=&#8221;#FFFFFF&#8221; button_bg_color=&#8221;#003D03&#8243; button_border_width=&#8221;0px&#8221; button_border_radius=&#8221;0px&#8221; button_letter_spacing=&#8221;2px&#8221; button_font=&#8221;Open Sans|700||on|||||&#8221; button_icon=&#8221;&#x24;||divi||400&#8243; button_icon_color=&#8221;#FFFFFF&#8221; background_layout=&#8221;dark&#8221; custom_margin=&#8221;||||true&#8221; custom_padding=&#8221;16px|32px|16px|32px|true|true&#8221; button_letter_spacing_hover=&#8221;2px&#8221; button_bg_color_hover=&#8221;#00e2c4&#8243; global_colors_info=&#8221;{}&#8221; button_text_size__hover_enabled=&#8221;off&#8221; button_one_text_size__hover_enabled=&#8221;off&#8221; button_two_text_size__hover_enabled=&#8221;off&#8221; button_text_color__hover_enabled=&#8221;off&#8221; button_one_text_color__hover_enabled=&#8221;off&#8221; button_two_text_color__hover_enabled=&#8221;off&#8221; button_border_width__hover_enabled=&#8221;off&#8221; button_one_border_width__hover_enabled=&#8221;off&#8221; button_two_border_width__hover_enabled=&#8221;off&#8221; button_border_color__hover_enabled=&#8221;off&#8221; button_one_border_color__hover_enabled=&#8221;off&#8221; button_two_border_color__hover_enabled=&#8221;off&#8221; button_border_radius__hover_enabled=&#8221;off&#8221; button_one_border_radius__hover_enabled=&#8221;off&#8221; button_two_border_radius__hover_enabled=&#8221;off&#8221; button_letter_spacing__hover_enabled=&#8221;on&#8221; button_letter_spacing__hover=&#8221;2px&#8221; button_one_letter_spacing__hover_enabled=&#8221;off&#8221; button_two_letter_spacing__hover_enabled=&#8221;off&#8221; button_bg_color__hover_enabled=&#8221;on|desktop&#8221; button_bg_color__hover=&#8221;#00A331&#8243; button_one_bg_color__hover_enabled=&#8221;off&#8221; button_two_bg_color__hover_enabled=&#8221;off&#8221; button_bg_enable_color__hover=&#8221;on&#8221;][\/et_pb_button][\/et_pb_column][\/et_pb_row][\/et_pb_section][et_pb_section fb_built=&#8221;1&#8243; _builder_version=&#8221;4.20.4&#8243; _module_preset=&#8221;default&#8221; background_color=&#8221;#003D03&#8243; border_width_bottom=&#8221;2px&#8221; border_color_bottom=&#8221;#FFFFFF&#8221; global_colors_info=&#8221;{}&#8221;][et_pb_row column_structure=&#8221;1_4,1_4,1_4,1_4&#8243; use_custom_gutter=&#8221;on&#8221; gutter_width=&#8221;2&#8243; make_equal=&#8221;on&#8221; _builder_version=&#8221;4.20.4&#8243; _module_preset=&#8221;default&#8221; global_colors_info=&#8221;{}&#8221;][et_pb_column type=&#8221;1_4&#8243; _builder_version=&#8221;4.20.4&#8243; _module_preset=&#8221;default&#8221; border_width_all=&#8221;2px&#8221; border_color_all=&#8221;#A9834F&#8221; global_colors_info=&#8221;{}&#8221;][et_pb_blurb title=&#8221;MEDIACJE A PYTANIA OG\u00d3LNE&#8221; url=&#8221;#pytaniaogolne&#8221; use_icon=&#8221;on&#8221; font_icon=&#8221;&#xe102;||divi||400&#8243; icon_color=&#8221;#A9834F&#8221; image_icon_width=&#8221;61px&#8221; _builder_version=&#8221;4.20.4&#8243; _module_preset=&#8221;default&#8221; header_text_color=&#8221;#A9834F&#8221; body_text_color=&#8221;#FFFFFF&#8221; image_icon_custom_margin=&#8221;10px|10px|10px|10px|false|false&#8221; custom_padding=&#8221;20px|20px|20px|20px|true|true&#8221; global_colors_info=&#8221;{}&#8221;][\/et_pb_blurb][\/et_pb_column][et_pb_column type=&#8221;1_4&#8243; _builder_version=&#8221;4.20.4&#8243; _module_preset=&#8221;default&#8221; border_width_all=&#8221;2px&#8221; border_color_all=&#8221;#A9834F&#8221; global_colors_info=&#8221;{}&#8221;][et_pb_blurb title=&#8221;MEDIACJE A PODZIA\u0141 MAJ\u0104TKU&#8221; use_icon=&#8221;on&#8221; font_icon=&#8221;&#xf4c0;||fa||900&#8243; icon_color=&#8221;#A9834F&#8221; image_icon_width=&#8221;61px&#8221; _builder_version=&#8221;4.20.4&#8243; _module_preset=&#8221;default&#8221; header_text_color=&#8221;#A9834F&#8221; body_text_color=&#8221;#FFFFFF&#8221; image_icon_custom_margin=&#8221;10px|10px|10px|10px|false|false&#8221; custom_padding=&#8221;20px|20px|20px|20px|true|true&#8221; global_colors_info=&#8221;{}&#8221;][\/et_pb_blurb][\/et_pb_column][et_pb_column type=&#8221;1_4&#8243; _builder_version=&#8221;4.20.4&#8243; _module_preset=&#8221;default&#8221; border_width_all=&#8221;2px&#8221; border_color_all=&#8221;#A9834F&#8221; global_colors_info=&#8221;{}&#8221;][et_pb_blurb title=&#8221;MEDIACJE A SPRAWY RODZINNE&#8221; use_icon=&#8221;on&#8221; font_icon=&#8221;&#xf0c0;||fa||900&#8243; icon_color=&#8221;#A9834F&#8221; image_icon_width=&#8221;61px&#8221; _builder_version=&#8221;4.20.4&#8243; _module_preset=&#8221;default&#8221; header_text_color=&#8221;#A9834F&#8221; body_text_color=&#8221;#FFFFFF&#8221; image_icon_custom_margin=&#8221;10px|10px|10px|10px|false|false&#8221; custom_padding=&#8221;20px|20px|20px|20px|true|true&#8221; global_colors_info=&#8221;{}&#8221;][\/et_pb_blurb][\/et_pb_column][et_pb_column type=&#8221;1_4&#8243; _builder_version=&#8221;4.20.4&#8243; _module_preset=&#8221;default&#8221; border_width_all=&#8221;2px&#8221; border_color_all=&#8221;#A9834F&#8221; global_colors_info=&#8221;{}&#8221;][et_pb_blurb title=&#8221;MEDIACJE A SPORY GOSPODARCZE&#8221; use_icon=&#8221;on&#8221; font_icon=&#8221;&#xf275;||fa||900&#8243; icon_color=&#8221;#A9834F&#8221; image_icon_width=&#8221;61px&#8221; _builder_version=&#8221;4.20.4&#8243; _module_preset=&#8221;default&#8221; header_text_color=&#8221;#A9834F&#8221; body_text_color=&#8221;#FFFFFF&#8221; image_icon_custom_margin=&#8221;10px|10px|10px|10px|false|false&#8221; custom_padding=&#8221;20px|20px|20px|20px|true|true&#8221; global_colors_info=&#8221;{}&#8221;][\/et_pb_blurb][\/et_pb_column][\/et_pb_row][et_pb_row column_structure=&#8221;1_4,1_4,1_4,1_4&#8243; use_custom_gutter=&#8221;on&#8221; gutter_width=&#8221;2&#8243; make_equal=&#8221;on&#8221; _builder_version=&#8221;4.20.4&#8243; _module_preset=&#8221;default&#8221; global_colors_info=&#8221;{}&#8221;][et_pb_column type=&#8221;1_4&#8243; _builder_version=&#8221;4.20.4&#8243; _module_preset=&#8221;default&#8221; border_width_all=&#8221;2px&#8221; border_color_all=&#8221;#A9834F&#8221; global_colors_info=&#8221;{}&#8221;][et_pb_blurb title=&#8221;MEDIACJA A WINDYKACJA NALE\u017bNO\u015aCI&#8221; use_icon=&#8221;on&#8221; font_icon=&#8221;&#xe100;||divi||400&#8243; icon_color=&#8221;#A9834F&#8221; image_icon_width=&#8221;61px&#8221; _builder_version=&#8221;4.20.4&#8243; _module_preset=&#8221;default&#8221; header_text_color=&#8221;#A9834F&#8221; body_text_color=&#8221;#FFFFFF&#8221; image_icon_custom_margin=&#8221;10px|10px|10px|10px|false|false&#8221; custom_padding=&#8221;20px|20px|20px|20px|true|true&#8221; global_colors_info=&#8221;{}&#8221;][\/et_pb_blurb][\/et_pb_column][et_pb_column type=&#8221;1_4&#8243; _builder_version=&#8221;4.20.4&#8243; _module_preset=&#8221;default&#8221; border_width_all=&#8221;2px&#8221; border_color_all=&#8221;#A9834F&#8221; global_colors_info=&#8221;{}&#8221;][et_pb_blurb title=&#8221;MEDIACJE A WIELKIE KORPORACJE&#8221; use_icon=&#8221;on&#8221; font_icon=&#8221;&#xe0ef;||divi||400&#8243; icon_color=&#8221;#A9834F&#8221; image_icon_width=&#8221;61px&#8221; _builder_version=&#8221;4.20.4&#8243; _module_preset=&#8221;default&#8221; header_text_color=&#8221;#A9834F&#8221; body_text_color=&#8221;#FFFFFF&#8221; image_icon_custom_margin=&#8221;10px|10px|10px|10px|false|false&#8221; custom_padding=&#8221;20px|20px|20px|20px|true|true&#8221; global_colors_info=&#8221;{}&#8221;][\/et_pb_blurb][\/et_pb_column][et_pb_column type=&#8221;1_4&#8243; _builder_version=&#8221;4.20.4&#8243; _module_preset=&#8221;default&#8221; border_width_all=&#8221;2px&#8221; border_color_all=&#8221;#A9834F&#8221; global_colors_info=&#8221;{}&#8221;][et_pb_blurb title=&#8221;MEDIACJE A KOSZTY S\u0104DOWE&#8221; use_icon=&#8221;on&#8221; font_icon=&#8221;&#xe0ed;||divi||400&#8243; icon_color=&#8221;#A9834F&#8221; image_icon_width=&#8221;61px&#8221; _builder_version=&#8221;4.20.4&#8243; _module_preset=&#8221;default&#8221; header_text_color=&#8221;#A9834F&#8221; body_text_color=&#8221;#FFFFFF&#8221; image_icon_custom_margin=&#8221;10px|10px|10px|10px|false|false&#8221; custom_padding=&#8221;20px|20px|20px|20px|true|true&#8221; global_colors_info=&#8221;{}&#8221;][\/et_pb_blurb][\/et_pb_column][et_pb_column type=&#8221;1_4&#8243; _builder_version=&#8221;4.20.4&#8243; _module_preset=&#8221;default&#8221; border_width_all=&#8221;2px&#8221; border_color_all=&#8221;#A9834F&#8221; global_colors_info=&#8221;{}&#8221;][et_pb_blurb title=&#8221;MEDIACJE A SPRAWY KARNE&#8221; use_icon=&#8221;on&#8221; font_icon=&#8221;&#xf0e3;||fa||900&#8243; icon_color=&#8221;#A9834F&#8221; image_icon_width=&#8221;61px&#8221; _builder_version=&#8221;4.20.4&#8243; _module_preset=&#8221;default&#8221; header_text_color=&#8221;#A9834F&#8221; body_text_color=&#8221;#FFFFFF&#8221; image_icon_custom_margin=&#8221;10px|10px|10px|10px|false|false&#8221; custom_padding=&#8221;20px|20px|20px|20px|true|true&#8221; global_colors_info=&#8221;{}&#8221;][\/et_pb_blurb][\/et_pb_column][\/et_pb_row][\/et_pb_section]<\/p>\n","protected":false},"excerpt":{"rendered":"<p>Mediacja cywilna &nbsp;Mediacja cywilnaW takim przypadku wycena nieruchomo\u015bci przez rzeczoznawc\u0119 maj\u0105tkowego jest niezb\u0119dna tylko wtedy, gdy strony nie mog\u0105 si\u0119 porozumie\u0107, co do jej warto\u015bci lub gdy ustalona wsp\u00f3lnie warto\u015b\u0107 ra\u017c\u0105co odbiega od \u015bredniej rynkowej warto\u015bci danego typu nieruchomo\u015bci.Najprostszym rozwi\u0105zaniem, najcz\u0119\u015bciej stosowanym przez strony, jest przestudiowanie czasopism po\u015bwi\u0119conych sprzeda\u017cy nieruchomo\u015bci i por\u00f3wnanie w\u0142asnych oczekiwa\u0144 z [&hellip;]<\/p>\n","protected":false},"author":1,"featured_media":0,"parent":0,"menu_order":0,"comment_status":"closed","ping_status":"closed","template":"","meta":{"_et_pb_use_builder":"on","_et_pb_old_content":"","_et_gb_content_width":"","footnotes":""},"class_list":["post-346","page","type-page","status-publish","hentry"],"_links":{"self":[{"href":"https:\/\/new.fedorowska.pl\/index.php\/wp-json\/wp\/v2\/pages\/346","targetHints":{"allow":["GET"]}}],"collection":[{"href":"https:\/\/new.fedorowska.pl\/index.php\/wp-json\/wp\/v2\/pages"}],"about":[{"href":"https:\/\/new.fedorowska.pl\/index.php\/wp-json\/wp\/v2\/types\/page"}],"author":[{"embeddable":true,"href":"https:\/\/new.fedorowska.pl\/index.php\/wp-json\/wp\/v2\/users\/1"}],"replies":[{"embeddable":true,"href":"https:\/\/new.fedorowska.pl\/index.php\/wp-json\/wp\/v2\/comments?post=346"}],"version-history":[{"count":6,"href":"https:\/\/new.fedorowska.pl\/index.php\/wp-json\/wp\/v2\/pages\/346\/revisions"}],"predecessor-version":[{"id":396,"href":"https:\/\/new.fedorowska.pl\/index.php\/wp-json\/wp\/v2\/pages\/346\/revisions\/396"}],"wp:attachment":[{"href":"https:\/\/new.fedorowska.pl\/index.php\/wp-json\/wp\/v2\/media?parent=346"}],"curies":[{"name":"wp","href":"https:\/\/api.w.org\/{rel}","templated":true}]}}