{"id":327,"date":"2025-06-25T19:15:47","date_gmt":"2025-06-25T17:15:47","guid":{"rendered":"https:\/\/new.fedorowska.pl\/?page_id=327"},"modified":"2025-07-24T14:50:36","modified_gmt":"2025-07-24T12:50:36","slug":"mediacja-w-sprawach-z-duzymi-korporacjami","status":"publish","type":"page","link":"https:\/\/new.fedorowska.pl\/index.php\/mediacja-w-sprawach-z-duzymi-korporacjami\/","title":{"rendered":"Mediacja w sprawach z du\u017cymi korporacjami"},"content":{"rendered":"<p>[et_pb_section fb_built=&#8221;1&#8243; _builder_version=&#8221;4.20.4&#8243; _module_preset=&#8221;default&#8221; use_background_color_gradient=&#8221;on&#8221; background_color_gradient_stops=&#8221;#ffffff 1%|rgba(255,255,255,0.11) 56%&#8221; background_color_gradient_overlays_image=&#8221;on&#8221; background_image=&#8221;http:\/\/new.fedorowska.pl\/wp-content\/uploads\/2023\/08\/AdobeStock_299322546-scaled.jpeg&#8221; background_position=&#8221;top_center&#8221; min_height=&#8221;498px&#8221; min_height_tablet=&#8221;498px&#8221; min_height_phone=&#8221;498px&#8221; min_height_last_edited=&#8221;on|phone&#8221; custom_padding=&#8221;37px||40px|||&#8221; global_colors_info=&#8221;{}&#8221;][et_pb_row column_structure=&#8221;3_5,2_5&#8243; _builder_version=&#8221;4.20.4&#8243; _module_preset=&#8221;default&#8221; global_colors_info=&#8221;{}&#8221;][et_pb_column type=&#8221;3_5&#8243; _builder_version=&#8221;4.20.4&#8243; _module_preset=&#8221;default&#8221; global_colors_info=&#8221;{}&#8221;][et_pb_text _builder_version=&#8221;4.20.4&#8243; _module_preset=&#8221;default&#8221; text_font_size=&#8221;20px&#8221; header_font=&#8221;|800|||||||&#8221; header_text_color=&#8221;#B37F6E&#8221; header_font_size=&#8221;35px&#8221; custom_padding=&#8221;20px||||false|false&#8221; global_colors_info=&#8221;{}&#8221;]<\/p>\n<h1>Mediacja w sprawach z wielkimi korporacjami<\/h1>\n<p>&nbsp;<\/p>\n<p>[\/et_pb_text][\/et_pb_column][et_pb_column type=&#8221;2_5&#8243; _builder_version=&#8221;4.20.4&#8243; _module_preset=&#8221;default&#8221; global_colors_info=&#8221;{}&#8221;][et_pb_blurb title=&#8221;Wy\u015blij pytanie do mediatora&#8221; url=&#8221;mailto:mediacje@fedorowska.pl&#8221; use_icon=&#8221;on&#8221; font_icon=&#8221;&#x74;||divi||400&#8243; icon_color=&#8221;#FFFFFF&#8221; _builder_version=&#8221;4.20.4&#8243; _module_preset=&#8221;default&#8221; header_text_align=&#8221;center&#8221; body_text_align=&#8221;center&#8221; background_color=&#8221;#003D03&#8243; use_background_color_gradient=&#8221;on&#8221; background_color_gradient_stops=&#8221;#007c34 0%|#033d03 100%&#8221; image_icon_custom_padding=&#8221;5px||5px||true|false&#8221; background_layout=&#8221;dark&#8221; custom_padding=&#8221;1vw|1vw|1vw|1vw|true|true&#8221; global_colors_info=&#8221;{}&#8221;][\/et_pb_blurb][\/et_pb_column][\/et_pb_row][\/et_pb_section][et_pb_section fb_built=&#8221;1&#8243; _builder_version=&#8221;4.20.4&#8243; _module_preset=&#8221;default&#8221; custom_padding=&#8221;29px|||||&#8221; global_colors_info=&#8221;{}&#8221;][et_pb_row _builder_version=&#8221;4.20.4&#8243; _module_preset=&#8221;default&#8221; global_colors_info=&#8221;{}&#8221;][et_pb_column type=&#8221;4_4&#8243; _builder_version=&#8221;4.20.4&#8243; _module_preset=&#8221;default&#8221; global_colors_info=&#8221;{}&#8221;][et_pb_text module_id=&#8221;pytaniaogolne&#8221; _builder_version=&#8221;4.20.4&#8243; _module_preset=&#8221;default&#8221; header_2_text_color=&#8221;#B37F6E&#8221; header_2_font_size=&#8221;35px&#8221; global_colors_info=&#8221;{}&#8221;]<\/p>\n<h2 style=\"text-align: center;\">Mediacja w sprawach z wielkimi korporacjami<\/h2>\n<p>[\/et_pb_text][\/et_pb_column][\/et_pb_row][et_pb_row _builder_version=&#8221;4.20.4&#8243; _module_preset=&#8221;default&#8221; global_colors_info=&#8221;{}&#8221;][et_pb_column type=&#8221;4_4&#8243; _builder_version=&#8221;4.20.4&#8243; _module_preset=&#8221;default&#8221; global_colors_info=&#8221;{}&#8221;][et_pb_accordion _builder_version=&#8221;4.20.4&#8243; _module_preset=&#8221;default&#8221; toggle_line_height=&#8221;1.3em&#8221; hover_enabled=&#8221;0&#8243; global_colors_info=&#8221;{}&#8221; sticky_enabled=&#8221;0&#8243;][et_pb_accordion_item title=&#8221;Czy firma ubezpieczeniowa mo\u017ce bezkarnie op\u00f3\u017ania\u0107 wyp\u0142at\u0119 odszkodowania?&#8221; open=&#8221;on&#8221; _builder_version=&#8221;4.20.4&#8243; _module_preset=&#8221;default&#8221; hover_enabled=&#8221;0&#8243; global_colors_info=&#8221;{}&#8221; sticky_enabled=&#8221;0&#8243;]<\/p>\n<p>Nie. Mimo spe\u0142nienia formalno\u015bci, niekt\u00f3re firmy dzia\u0142aj\u0105 na zw\u0142ok\u0119. Warto w\u00f3wczas rozwa\u017cy\u0107 dzia\u0142ania prawne lub mediacj\u0119.<\/p>\n<p>[\/et_pb_accordion_item][et_pb_accordion_item title=&#8221;Czy nag\u0142o\u015bnienie sprawy w mediach ma sens?&#8221; _builder_version=&#8221;4.20.4&#8243; _module_preset=&#8221;default&#8221; hover_enabled=&#8221;0&#8243; global_colors_info=&#8221;{}&#8221; open=&#8221;off&#8221; sticky_enabled=&#8221;0&#8243;]<\/p>\n<p>Tak. Media cz\u0119sto skutecznie wspieraj\u0105 osoby pokrzywdzone, wywieraj\u0105c presj\u0119 na du\u017ce korporacje.<\/p>\n<p>[\/et_pb_accordion_item][et_pb_accordion_item title=&#8221;Czy mog\u0119 jednocze\u015bnie rozwa\u017ca\u0107 mediacj\u0119 i skierowanie sprawy do s\u0105du?&#8221; _builder_version=&#8221;4.20.4&#8243; _module_preset=&#8221;default&#8221; hover_enabled=&#8221;0&#8243; global_colors_info=&#8221;{}&#8221; open=&#8221;off&#8221; sticky_enabled=&#8221;0&#8243;]<\/p>\n<p>Tak. Zanim podejmiesz dzia\u0142ania medialne lub s\u0105dowe, warto poinformowa\u0107 firm\u0119 i zaproponowa\u0107 mediacj\u0119.<\/p>\n<p>[\/et_pb_accordion_item][et_pb_accordion_item title=&#8221;Dlaczego firmie op\u0142aca si\u0119 zgodzi\u0107 na mediacj\u0119?&#8221; _builder_version=&#8221;4.20.4&#8243; _module_preset=&#8221;default&#8221; hover_enabled=&#8221;0&#8243; global_colors_info=&#8221;{}&#8221; open=&#8221;off&#8221; sticky_enabled=&#8221;0&#8243;]<\/p>\n<ul>\n<li><strong>Ni\u017csze koszty<\/strong> ni\u017c post\u0119powanie s\u0105dowe<\/li>\n<li><strong>Szybszy czas rozstrzygni\u0119cia<\/strong> \u2013 zwykle do 30 dni<\/li>\n<li><strong>Lepszy wizerunek<\/strong> \u2013 mniejsze napi\u0119cie u klienta<\/li>\n<li><strong>Wi\u0119ksza szansa na zachowanie klienta<\/strong><\/li>\n<\/ul>\n<p>[\/et_pb_accordion_item][et_pb_accordion_item title=&#8221;Czy w mediacji mam r\u00f3wne szanse, jak du\u017ca firma?&#8221; _builder_version=&#8221;4.20.4&#8243; _module_preset=&#8221;default&#8221; hover_enabled=&#8221;0&#8243; global_colors_info=&#8221;{}&#8221; open=&#8221;off&#8221; sticky_enabled=&#8221;0&#8243;]<\/p>\n<p>Tak. Mediator dba o r\u00f3wnowag\u0119 stron i sprawiedliwe warunki rozm\u00f3w.<\/p>\n<p>[\/et_pb_accordion_item][et_pb_accordion_item title=&#8221;Co je\u015bli nie sta\u0107 mnie na adwokata?&#8221; _builder_version=&#8221;4.20.4&#8243; _module_preset=&#8221;default&#8221; hover_enabled=&#8221;0&#8243; global_colors_info=&#8221;{}&#8221; open=&#8221;off&#8221; sticky_enabled=&#8221;0&#8243;]<\/p>\n<p>Mediacja nie wymaga obecno\u015bci prawnika i jest ta\u0144sza ni\u017c s\u0105d. Mo\u017cna j\u0105 przeprowadzi\u0107 zdalnie.<\/p>\n<p>[\/et_pb_accordion_item][et_pb_accordion_item title=&#8221;Jakie s\u0105 s\u0142abo\u015bci mediacji?&#8221; _builder_version=&#8221;4.20.4&#8243; _module_preset=&#8221;default&#8221; hover_enabled=&#8221;0&#8243; global_colors_info=&#8221;{}&#8221; open=&#8221;off&#8221; sticky_enabled=&#8221;0&#8243;]<\/p>\n<ul>\n<li>Mo\u017cliwa przewaga psychologiczna lub ekonomiczna jednej strony<\/li>\n<li>Potrzebna zgoda obu stron<\/li>\n<li>Stres zwi\u0105zany z rozmow\u0105<\/li>\n<li>Koszt mediacji, gdy nie ko\u0144czy si\u0119 ugod\u0105<\/li>\n<li>Zarzut \u201eprywatnego\u201d rozstrzygania spor\u00f3w<\/li>\n<\/ul>\n<p>[\/et_pb_accordion_item][et_pb_accordion_item title=&#8221;Jak mediator niweluje nier\u00f3wno\u015bci mi\u0119dzy stronami?&#8221; _builder_version=&#8221;4.20.4&#8243; _module_preset=&#8221;default&#8221; hover_enabled=&#8221;0&#8243; global_colors_info=&#8221;{}&#8221; open=&#8221;off&#8221; sticky_enabled=&#8221;0&#8243;]<\/p>\n<p>Reaguje na wszelkie przejawy przewagi, mo\u017ce ograniczy\u0107 udzia\u0142 prawnika tylko do stron, kt\u00f3re go potrzebuj\u0105, sprawdza uczciwo\u015b\u0107 ugody.<\/p>\n<p>[\/et_pb_accordion_item][et_pb_accordion_item title=&#8221;Czy mediacja jest mniej stresuj\u0105ca ni\u017c s\u0105d?&#8221; _builder_version=&#8221;4.20.4&#8243; _module_preset=&#8221;default&#8221; hover_enabled=&#8221;0&#8243; global_colors_info=&#8221;{}&#8221; open=&#8221;off&#8221; sticky_enabled=&#8221;0&#8243;]<\/p>\n<p>Tak. W mediacji strony skupiaj\u0105 si\u0119 na rozwi\u0105zaniu problemu, a nie na \u201ewygranej\u201d. Mo\u017cna otwarcie m\u00f3wi\u0107 o emocjach.<\/p>\n<p>[\/et_pb_accordion_item][et_pb_accordion_item title=&#8221;Czy mo\u017cliwa jest mediacja bez spotkania si\u0119 twarz\u0105 w twarz?&#8221; _builder_version=&#8221;4.20.4&#8243; _module_preset=&#8221;default&#8221; hover_enabled=&#8221;0&#8243; global_colors_info=&#8221;{}&#8221; open=&#8221;off&#8221; sticky_enabled=&#8221;0&#8243;]<\/p>\n<p>Tak. Przy du\u017cych emocjach mo\u017cliwa jest mediacja \u201ena odleg\u0142o\u015b\u0107\u201d \u2013 bez bezpo\u015bredniego kontaktu stron.<\/p>\n<p>[\/et_pb_accordion_item][et_pb_accordion_item title=&#8221;Czy ka\u017cda sprawa nadaje si\u0119 do mediacji?&#8221; _builder_version=&#8221;4.20.4&#8243; _module_preset=&#8221;default&#8221; hover_enabled=&#8221;0&#8243; global_colors_info=&#8221;{}&#8221; open=&#8221;off&#8221; sticky_enabled=&#8221;0&#8243;]<\/p>\n<p>Nie ka\u017cda. Mediacja wymaga cho\u0107by minimalnej gotowo\u015bci do rozmowy i kompromisu.<\/p>\n<p>[\/et_pb_accordion_item][et_pb_accordion_item title=&#8221;Czy po nieudanej mediacji b\u0119d\u0119 musie\u0107 zap\u0142aci\u0107 podw\u00f3jnie?&#8221; _builder_version=&#8221;4.20.4&#8243; _module_preset=&#8221;default&#8221; hover_enabled=&#8221;0&#8243; global_colors_info=&#8221;{}&#8221; open=&#8221;off&#8221; sticky_enabled=&#8221;0&#8243;]<\/p>\n<p>Niezupe\u0142nie. W razie ugody zwracane s\u0105 3\/4 koszt\u00f3w s\u0105dowych. Warto podj\u0105\u0107 mediacj\u0119 w sprawach rokuj\u0105cych porozumienie.<\/p>\n<p>[\/et_pb_accordion_item][et_pb_accordion_item title=&#8221;Czy mediacja mo\u017ce zaszkodzi\u0107 firmie ubezpieczeniowej?&#8221; _builder_version=&#8221;4.20.4&#8243; _module_preset=&#8221;default&#8221; hover_enabled=&#8221;0&#8243; global_colors_info=&#8221;{}&#8221; open=&#8221;off&#8221; sticky_enabled=&#8221;0&#8243;]<\/p>\n<p>Nie. Wr\u0119cz przeciwnie \u2013 pokazuje, \u017ce firma szuka rozwi\u0105za\u0144 i szanuje klienta.<\/p>\n<p>[\/et_pb_accordion_item][et_pb_accordion_item title=&#8221;Czy mediacja to \u201eobej\u015bcie\u201d s\u0105du?&#8221; _builder_version=&#8221;4.20.4&#8243; _module_preset=&#8221;default&#8221; hover_enabled=&#8221;0&#8243; global_colors_info=&#8221;{}&#8221; open=&#8221;off&#8221; sticky_enabled=&#8221;0&#8243;]<\/p>\n<p>Nie. To legalna, spo\u0142ecznie korzystna forma rozwi\u0105zywania konflikt\u00f3w. Uczy dialogu i wzmacnia kultur\u0119 prawn\u0105.<\/p>\n<p>[\/et_pb_accordion_item][\/et_pb_accordion][\/et_pb_column][\/et_pb_row][\/et_pb_section][et_pb_section fb_built=&#8221;1&#8243; _builder_version=&#8221;4.20.4&#8243; _module_preset=&#8221;default&#8221; background_color=&#8221;#003D03&#8243; use_background_color_gradient=&#8221;on&#8221; background_color_gradient_direction=&#8221;90deg&#8221; background_color_gradient_stops=&#8221;#d0e7aa 0%|#007c34 22%|#033d03 52%&#8221; border_width_bottom=&#8221;2px&#8221; border_color_bottom=&#8221;#FFFFFF&#8221; global_colors_info=&#8221;{}&#8221;][et_pb_row column_structure=&#8221;1_4,1_4,1_4,1_4&#8243; use_custom_gutter=&#8221;on&#8221; gutter_width=&#8221;2&#8243; make_equal=&#8221;on&#8221; _builder_version=&#8221;4.20.4&#8243; _module_preset=&#8221;default&#8221; global_colors_info=&#8221;{}&#8221;][et_pb_column type=&#8221;1_4&#8243; _builder_version=&#8221;4.20.4&#8243; _module_preset=&#8221;default&#8221; border_width_all=&#8221;2px&#8221; border_color_all=&#8221;#A9834F&#8221; global_colors_info=&#8221;{}&#8221;][et_pb_blurb title=&#8221;MEDIACJE A PYTANIA OG\u00d3LNE&#8221; url=&#8221;#pytaniaogolne&#8221; use_icon=&#8221;on&#8221; font_icon=&#8221;&#xe102;||divi||400&#8243; icon_color=&#8221;#A9834F&#8221; image_icon_width=&#8221;61px&#8221; _builder_version=&#8221;4.20.4&#8243; _module_preset=&#8221;default&#8221; header_text_color=&#8221;#A9834F&#8221; body_text_color=&#8221;#FFFFFF&#8221; image_icon_custom_margin=&#8221;10px|10px|10px|10px|false|false&#8221; custom_padding=&#8221;20px|20px|20px|20px|true|true&#8221; global_colors_info=&#8221;{}&#8221;][\/et_pb_blurb][\/et_pb_column][et_pb_column type=&#8221;1_4&#8243; _builder_version=&#8221;4.20.4&#8243; _module_preset=&#8221;default&#8221; border_width_all=&#8221;2px&#8221; border_color_all=&#8221;#A9834F&#8221; global_colors_info=&#8221;{}&#8221;][et_pb_blurb title=&#8221;MEDIACJE A PODZIA\u0141 MAJ\u0104TKU&#8221; use_icon=&#8221;on&#8221; font_icon=&#8221;&#xf4c0;||fa||900&#8243; icon_color=&#8221;#A9834F&#8221; image_icon_width=&#8221;61px&#8221; _builder_version=&#8221;4.20.4&#8243; _module_preset=&#8221;default&#8221; header_text_color=&#8221;#A9834F&#8221; body_text_color=&#8221;#FFFFFF&#8221; image_icon_custom_margin=&#8221;10px|10px|10px|10px|false|false&#8221; custom_padding=&#8221;20px|20px|20px|20px|true|true&#8221; global_colors_info=&#8221;{}&#8221;][\/et_pb_blurb][\/et_pb_column][et_pb_column type=&#8221;1_4&#8243; _builder_version=&#8221;4.20.4&#8243; _module_preset=&#8221;default&#8221; border_width_all=&#8221;2px&#8221; border_color_all=&#8221;#A9834F&#8221; global_colors_info=&#8221;{}&#8221;][et_pb_blurb title=&#8221;MEDIACJE A SPRAWY RODZINNE&#8221; use_icon=&#8221;on&#8221; font_icon=&#8221;&#xf0c0;||fa||900&#8243; icon_color=&#8221;#A9834F&#8221; image_icon_width=&#8221;61px&#8221; _builder_version=&#8221;4.20.4&#8243; _module_preset=&#8221;default&#8221; header_text_color=&#8221;#A9834F&#8221; body_text_color=&#8221;#FFFFFF&#8221; image_icon_custom_margin=&#8221;10px|10px|10px|10px|false|false&#8221; custom_padding=&#8221;20px|20px|20px|20px|true|true&#8221; global_colors_info=&#8221;{}&#8221;][\/et_pb_blurb][\/et_pb_column][et_pb_column type=&#8221;1_4&#8243; _builder_version=&#8221;4.20.4&#8243; _module_preset=&#8221;default&#8221; border_width_all=&#8221;2px&#8221; border_color_all=&#8221;#A9834F&#8221; global_colors_info=&#8221;{}&#8221;][et_pb_blurb title=&#8221;MEDIACJE A SPORY GOSPODARCZE&#8221; use_icon=&#8221;on&#8221; font_icon=&#8221;&#xf275;||fa||900&#8243; icon_color=&#8221;#A9834F&#8221; image_icon_width=&#8221;61px&#8221; _builder_version=&#8221;4.20.4&#8243; _module_preset=&#8221;default&#8221; header_text_color=&#8221;#A9834F&#8221; body_text_color=&#8221;#FFFFFF&#8221; image_icon_custom_margin=&#8221;10px|10px|10px|10px|false|false&#8221; custom_padding=&#8221;20px|20px|20px|20px|true|true&#8221; global_colors_info=&#8221;{}&#8221;][\/et_pb_blurb][\/et_pb_column][\/et_pb_row][et_pb_row column_structure=&#8221;1_4,1_4,1_4,1_4&#8243; use_custom_gutter=&#8221;on&#8221; gutter_width=&#8221;2&#8243; make_equal=&#8221;on&#8221; _builder_version=&#8221;4.20.4&#8243; _module_preset=&#8221;default&#8221; global_colors_info=&#8221;{}&#8221;][et_pb_column type=&#8221;1_4&#8243; _builder_version=&#8221;4.20.4&#8243; _module_preset=&#8221;default&#8221; border_width_all=&#8221;2px&#8221; border_color_all=&#8221;#A9834F&#8221; global_colors_info=&#8221;{}&#8221;][et_pb_blurb title=&#8221;MEDIACJA A WINDYKACJA NALE\u017bNO\u015aCI&#8221; use_icon=&#8221;on&#8221; font_icon=&#8221;&#xe100;||divi||400&#8243; icon_color=&#8221;#A9834F&#8221; image_icon_width=&#8221;61px&#8221; _builder_version=&#8221;4.20.4&#8243; _module_preset=&#8221;default&#8221; header_text_color=&#8221;#A9834F&#8221; body_text_color=&#8221;#FFFFFF&#8221; image_icon_custom_margin=&#8221;10px|10px|10px|10px|false|false&#8221; custom_padding=&#8221;20px|20px|20px|20px|true|true&#8221; global_colors_info=&#8221;{}&#8221;][\/et_pb_blurb][\/et_pb_column][et_pb_column type=&#8221;1_4&#8243; _builder_version=&#8221;4.20.4&#8243; _module_preset=&#8221;default&#8221; border_width_all=&#8221;2px&#8221; border_color_all=&#8221;#A9834F&#8221; global_colors_info=&#8221;{}&#8221;][et_pb_blurb title=&#8221;MEDIACJE A WIELKIE KORPORACJE&#8221; use_icon=&#8221;on&#8221; font_icon=&#8221;&#xe0ef;||divi||400&#8243; icon_color=&#8221;#A9834F&#8221; image_icon_width=&#8221;61px&#8221; _builder_version=&#8221;4.20.4&#8243; _module_preset=&#8221;default&#8221; header_text_color=&#8221;#A9834F&#8221; body_text_color=&#8221;#FFFFFF&#8221; image_icon_custom_margin=&#8221;10px|10px|10px|10px|false|false&#8221; custom_padding=&#8221;20px|20px|20px|20px|true|true&#8221; global_colors_info=&#8221;{}&#8221;][\/et_pb_blurb][\/et_pb_column][et_pb_column type=&#8221;1_4&#8243; _builder_version=&#8221;4.20.4&#8243; _module_preset=&#8221;default&#8221; border_width_all=&#8221;2px&#8221; border_color_all=&#8221;#A9834F&#8221; global_colors_info=&#8221;{}&#8221;][et_pb_blurb title=&#8221;MEDIACJE A KOSZTY S\u0104DOWE&#8221; use_icon=&#8221;on&#8221; font_icon=&#8221;&#xe0ed;||divi||400&#8243; icon_color=&#8221;#A9834F&#8221; image_icon_width=&#8221;61px&#8221; _builder_version=&#8221;4.20.4&#8243; _module_preset=&#8221;default&#8221; header_text_color=&#8221;#A9834F&#8221; body_text_color=&#8221;#FFFFFF&#8221; image_icon_custom_margin=&#8221;10px|10px|10px|10px|false|false&#8221; custom_padding=&#8221;20px|20px|20px|20px|true|true&#8221; global_colors_info=&#8221;{}&#8221;][\/et_pb_blurb][\/et_pb_column][et_pb_column type=&#8221;1_4&#8243; _builder_version=&#8221;4.20.4&#8243; _module_preset=&#8221;default&#8221; border_width_all=&#8221;2px&#8221; border_color_all=&#8221;#A9834F&#8221; global_colors_info=&#8221;{}&#8221;][et_pb_blurb title=&#8221;MEDIACJE A SPRAWY KARNE&#8221; use_icon=&#8221;on&#8221; font_icon=&#8221;&#xf0e3;||fa||900&#8243; icon_color=&#8221;#A9834F&#8221; image_icon_width=&#8221;61px&#8221; _builder_version=&#8221;4.20.4&#8243; _module_preset=&#8221;default&#8221; header_text_color=&#8221;#A9834F&#8221; body_text_color=&#8221;#FFFFFF&#8221; image_icon_custom_margin=&#8221;10px|10px|10px|10px|false|false&#8221; custom_padding=&#8221;20px|20px|20px|20px|true|true&#8221; global_colors_info=&#8221;{}&#8221;][\/et_pb_blurb][\/et_pb_column][\/et_pb_row][\/et_pb_section]<\/p>\n","protected":false},"excerpt":{"rendered":"<p>Mediacja w sprawach z wielkimi korporacjami &nbsp;Mediacja w sprawach z wielkimi korporacjamiNie. Mimo spe\u0142nienia formalno\u015bci, niekt\u00f3re firmy dzia\u0142aj\u0105 na zw\u0142ok\u0119. Warto w\u00f3wczas rozwa\u017cy\u0107 dzia\u0142ania prawne lub mediacj\u0119.Tak. Media cz\u0119sto skutecznie wspieraj\u0105 osoby pokrzywdzone, wywieraj\u0105c presj\u0119 na du\u017ce korporacje.Tak. Zanim podejmiesz dzia\u0142ania medialne lub s\u0105dowe, warto poinformowa\u0107 firm\u0119 i zaproponowa\u0107 mediacj\u0119. Ni\u017csze koszty ni\u017c post\u0119powanie s\u0105dowe [&hellip;]<\/p>\n","protected":false},"author":1,"featured_media":0,"parent":0,"menu_order":0,"comment_status":"closed","ping_status":"closed","template":"","meta":{"_et_pb_use_builder":"on","_et_pb_old_content":"<!-- wp:divi\/placeholder \/-->","_et_gb_content_width":"","footnotes":""},"class_list":["post-327","page","type-page","status-publish","hentry"],"_links":{"self":[{"href":"https:\/\/new.fedorowska.pl\/index.php\/wp-json\/wp\/v2\/pages\/327","targetHints":{"allow":["GET"]}}],"collection":[{"href":"https:\/\/new.fedorowska.pl\/index.php\/wp-json\/wp\/v2\/pages"}],"about":[{"href":"https:\/\/new.fedorowska.pl\/index.php\/wp-json\/wp\/v2\/types\/page"}],"author":[{"embeddable":true,"href":"https:\/\/new.fedorowska.pl\/index.php\/wp-json\/wp\/v2\/users\/1"}],"replies":[{"embeddable":true,"href":"https:\/\/new.fedorowska.pl\/index.php\/wp-json\/wp\/v2\/comments?post=327"}],"version-history":[{"count":4,"href":"https:\/\/new.fedorowska.pl\/index.php\/wp-json\/wp\/v2\/pages\/327\/revisions"}],"predecessor-version":[{"id":419,"href":"https:\/\/new.fedorowska.pl\/index.php\/wp-json\/wp\/v2\/pages\/327\/revisions\/419"}],"wp:attachment":[{"href":"https:\/\/new.fedorowska.pl\/index.php\/wp-json\/wp\/v2\/media?parent=327"}],"curies":[{"name":"wp","href":"https:\/\/api.w.org\/{rel}","templated":true}]}}