{"id":326,"date":"2025-06-25T19:15:27","date_gmt":"2025-06-25T17:15:27","guid":{"rendered":"https:\/\/new.fedorowska.pl\/?page_id=326"},"modified":"2025-10-11T12:04:35","modified_gmt":"2025-10-11T10:04:35","slug":"mediacja-w-windykacji-naleznosci","status":"publish","type":"page","link":"https:\/\/new.fedorowska.pl\/index.php\/mediacja-w-windykacji-naleznosci\/","title":{"rendered":"Mediacja w windykacji nale\u017cno\u015bci"},"content":{"rendered":"<p>[et_pb_section fb_built=&#8221;1&#8243; _builder_version=&#8221;4.20.4&#8243; _module_preset=&#8221;default&#8221; use_background_color_gradient=&#8221;on&#8221; background_color_gradient_stops=&#8221;#ffffff 1%|rgba(255,255,255,0.11) 56%&#8221; background_color_gradient_overlays_image=&#8221;on&#8221; background_image=&#8221;http:\/\/new.fedorowska.pl\/wp-content\/uploads\/2023\/05\/AdobeStock_314854060-scaled.jpeg&#8221; background_position=&#8221;top_center&#8221; min_height=&#8221;498px&#8221; min_height_tablet=&#8221;498px&#8221; min_height_phone=&#8221;498px&#8221; min_height_last_edited=&#8221;on|phone&#8221; custom_padding=&#8221;37px||40px|||&#8221; global_colors_info=&#8221;{}&#8221;][et_pb_row column_structure=&#8221;3_5,2_5&#8243; _builder_version=&#8221;4.20.4&#8243; _module_preset=&#8221;default&#8221; global_colors_info=&#8221;{}&#8221;][et_pb_column type=&#8221;3_5&#8243; _builder_version=&#8221;4.20.4&#8243; _module_preset=&#8221;default&#8221; global_colors_info=&#8221;{}&#8221;][et_pb_text _builder_version=&#8221;4.20.4&#8243; _module_preset=&#8221;default&#8221; header_font=&#8221;|800|||||||&#8221; header_text_color=&#8221;#007C34&#8243; header_font_size=&#8221;35px&#8221; custom_padding=&#8221;20px||||false|false&#8221; global_colors_info=&#8221;{}&#8221;]<\/p>\n<h1>Mediacja w windykacji nale\u017cno\u015bci<\/h1>\n<p>[\/et_pb_text][\/et_pb_column][et_pb_column type=&#8221;2_5&#8243; _builder_version=&#8221;4.20.4&#8243; _module_preset=&#8221;default&#8221; global_colors_info=&#8221;{}&#8221;][et_pb_blurb title=&#8221;Wy\u015blij pytanie do mediatora&#8221; url=&#8221;mailto:mediacje@fedorowska.pl&#8221; use_icon=&#8221;on&#8221; font_icon=&#8221;&#x74;||divi||400&#8243; icon_color=&#8221;#FFFFFF&#8221; _builder_version=&#8221;4.20.4&#8243; _module_preset=&#8221;default&#8221; header_text_align=&#8221;center&#8221; body_text_align=&#8221;center&#8221; background_color=&#8221;#003D03&#8243; use_background_color_gradient=&#8221;on&#8221; background_color_gradient_stops=&#8221;#007c34 0%|#033d03 100%&#8221; image_icon_custom_padding=&#8221;5px||5px||true|false&#8221; background_layout=&#8221;dark&#8221; custom_padding=&#8221;1vw|1vw|1vw|1vw|true|true&#8221; global_colors_info=&#8221;{}&#8221;][\/et_pb_blurb][\/et_pb_column][\/et_pb_row][\/et_pb_section][et_pb_section fb_built=&#8221;1&#8243; _builder_version=&#8221;4.20.4&#8243; _module_preset=&#8221;default&#8221; custom_padding=&#8221;29px|||||&#8221; global_colors_info=&#8221;{}&#8221;][et_pb_row _builder_version=&#8221;4.20.4&#8243; _module_preset=&#8221;default&#8221; global_colors_info=&#8221;{}&#8221;][et_pb_column type=&#8221;4_4&#8243; _builder_version=&#8221;4.20.4&#8243; _module_preset=&#8221;default&#8221; global_colors_info=&#8221;{}&#8221;][et_pb_text module_id=&#8221;pytaniaogolne&#8221; _builder_version=&#8221;4.20.4&#8243; _module_preset=&#8221;default&#8221; header_2_text_color=&#8221;#007C34&#8243; header_2_font_size=&#8221;35px&#8221; global_colors_info=&#8221;{}&#8221;]<\/p>\n<h2 style=\"text-align: center;\">Mediacja w windykacji nale\u017cno\u015bci:<\/h2>\n<p>[\/et_pb_text][\/et_pb_column][\/et_pb_row][et_pb_row _builder_version=&#8221;4.20.4&#8243; _module_preset=&#8221;default&#8221; global_colors_info=&#8221;{}&#8221;][et_pb_column type=&#8221;4_4&#8243; _builder_version=&#8221;4.20.4&#8243; _module_preset=&#8221;default&#8221; global_colors_info=&#8221;{}&#8221;][et_pb_accordion open_toggle_text_color=&#8221;#007C34&#8243; open_toggle_background_color=&#8221;#FFFFFF&#8221; closed_toggle_text_color=&#8221;#007C34&#8243; closed_toggle_background_color=&#8221;#f4f3f2&#8243; _builder_version=&#8221;4.20.4&#8243; _module_preset=&#8221;default&#8221; toggle_level=&#8221;h2&#8243; toggle_font_size=&#8221;18px&#8221; closed_toggle_line_height=&#8221;1.4em&#8221; hover_enabled=&#8221;0&#8243; border_color_all=&#8221;#007C34&#8243; global_colors_info=&#8221;{}&#8221; sticky_enabled=&#8221;0&#8243; toggle_line_height=&#8221;1.4em&#8221;][et_pb_accordion_item title=&#8221;Podpisa\u0142am z moim d\u0142u\u017cnikiem ugod\u0119 przed mediatorem. S\u0105d j\u0105 w kilka dni zatwierdzi\u0142. Jednak nic z tego dla mnie nie wynika. D\u0142u\u017cnik jak si\u0119 nie wywi\u0105zywa\u0142 z p\u0142atno\u015bci, tak nie p\u0142aci. Czuj\u0119 si\u0119 bezradna i nie wiem jakie pozosta\u0142y mi jeszcze \u015brodki zaradcze.&#8221; open=&#8221;on&#8221; _builder_version=&#8221;4.20.4&#8243; _module_preset=&#8221;default&#8221; global_colors_info=&#8221;{}&#8221;]<\/p>\n<p>Taka sytuacja zdarza si\u0119 cz\u0119sto r\u00f3wnie\u017c w sprawach zako\u0144czonych wyrokiem s\u0105du. Jednak nie wszystkie jeszcze \u015brodki swojej ochrony prawnej Pani wykorzysta\u0142a.<\/p>\n<p>W takiej sytuacji nale\u017cy zwr\u00f3ci\u0107 si\u0119 z wnioskiem do s\u0105du o nadanie ugodzie (tak samo jak nadaje si\u0119 wyrokowi s\u0105du) klauzuli wykonalno\u015bci. S\u0105d jest zobowi\u0105zany w kr\u00f3tkim czasie nada\u0107 takiej ugodzie odpowiedni status, pod warunkiem, \u017ce ugoda podlega wykonaniu w drodze egzekucji.<\/p>\n<p>S\u0105d odmawia nadania klauzuli wykonalno\u015bci albo zatwierdzenia ugody zawartej przed mediatorem w ca\u0142o\u015bci lub cz\u0119\u015bci, je\u017celi ugoda jest:<br \/>&#8211; sprzeczna z prawem<br \/>&#8211; sprzeczna z zasadami wsp\u00f3\u0142\u017cycia spo\u0142ecznego<br \/>&#8211; zmierza do obej\u015bcia prawa<br \/>&#8211; jest niezrozumia\u0142a lub zawiera sprzeczno\u015bci<\/p>\n<p>Ugoda z nadan\u0105 jej klauzul\u0105 wykonalno\u015bci stanowi dokument, na podstawie kt\u00f3rego mo\u017cna si\u0119 uda\u0107 do komornika i prosi\u0107 o egzekucj\u0119 finansow\u0105 swoich roszcze\u0144.<\/p>\n<p>[\/et_pb_accordion_item][et_pb_accordion_item title=&#8221;Windykacja nale\u017cno\u015bci&#8221; _builder_version=&#8221;4.20.4&#8243; _module_preset=&#8221;default&#8221; global_colors_info=&#8221;{}&#8221; open=&#8221;off&#8221;]<\/p>\n<p>Jestem kobiet\u0105 biznesu, kt\u00f3ra do wszystkiego, co w\u017cyciu posiada dosz\u0142a prac\u0105 w\u0142asnych r\u0105k. Mam jednak klientk\u0119, kt\u00f3ra od roku nie p\u0142aci ostatniej raty za zakupione urz\u0105dzenie medyczne. Swoimi plotkami psuje te\u017c ci\u0119\u017cko wypracowany wizerunek mojej firmy.<br \/>Zwr\u00f3ci\u0142am si\u0119 do znanej w Polsce firmy windykacyjnej o wyegzekwowanie moich nale\u017cno\u015bci. S\u0105dzi\u0142am, \u017ce specjali\u015bci zrobi\u0105 co\u015b wi\u0119cej ni\u017c ja, czyli opr\u00f3cz wykonywania grzecznych telefon\u00f3w odwiedz\u0105 moj\u0105 klientk\u0119 tudzie\u017c zastosuj\u0105 inne skuteczne formy perswazji, ale zgodne z prawem. Po roku dowiedzia\u0142am si\u0119, jak to firma wiele wykona\u0142a telefon\u00f3w i \u017ce ci\u0105gle kto inny prowadzi\u0142 spraw\u0119, bo klientka by\u0142a niemi\u0142a i nikt tego nie chcia\u0142. Nie obchodzi\u0142o ich tak ma\u0142e zad\u0142u\u017cenie (5000 z\u0142 z odsetkami). Dla mnie s\u0105 to du\u017ce pieni\u0105dze, kt\u00f3re pozwoli\u0142yby pokry\u0107 ca\u0142oroczne czesne studi\u00f3w mojego starszego syna.<br \/>Jestem zrezygnowana z powodu swojej bezradno\u015bci. Czy nie ma ju\u017c prawa na takich ludzi? Do s\u0105du nie chc\u0119 i\u015b\u0107, bo to klientka. Mog\u0142aby mi popsu\u0107 opini\u0119, kt\u00f3r\u0105 ju\u017c podkopuje w obszarze moich us\u0142ug.<\/p>\n<p>[\/et_pb_accordion_item][et_pb_accordion_item title=&#8221;Czy mog\u0119 uda\u0107 si\u0119 do mediatora w przypadku braku zap\u0142aty przez klienta? Co on mo\u017ce zaradzi\u0107?&#8221; _builder_version=&#8221;4.20.4&#8243; _module_preset=&#8221;default&#8221; global_colors_info=&#8221;{}&#8221; open=&#8221;off&#8221;]<\/p>\n<p>Zdecydowanie tak. Jest to wielka szansa na odzyskanie d\u0142ugu w formie, kt\u00f3ra odpowiada obu stronom i da im poczucie wp\u0142ywu na rozwi\u0105zanie sporu Pani i klientce. Tym bardziej, \u017ce jest Pani \u015bwiadoma mo\u017cliwych konsekwencji spo\u0142ecznych i marketingowych dla swojej firmy. Gdyby wesz\u0142a Pani w konflikt s\u0105dowy z klientk\u0105, nikt nie chce przewidywa\u0107 poziomu frustracji po Pani stronie i po stronie klientki.<\/p>\n<p>Warto wiedzie\u0107, \u017ce zadowolony klient powie o swoich pozytywnych wra\u017ceniach\u00a0 przynajmniej trzem bliskim osobom, natomiast sfrustrowany klient opowie o z\u0142ej obs\u0142udze i z\u0142ych wra\u017ceniach z kontaktu z firm\u0105 a\u017c jedenastu osobom. Tak m\u00f3wi\u0105 marketingowe statystyki.<\/p>\n<p>Wi\u0119kszo\u015b\u0107 firm \u015bwiadomych mo\u017cliwo\u015bci, jakie daje mediacja korzysta z niej. W zamian zyskuje nie tylko wsp\u00f3lnie wypracowan\u0105 ugod\u0119, ale z\u0142agodzenie obyczaj\u00f3w w firmie, szczeg\u00f3lnie wzgl\u0119dem klient\u00f3w, otwiera sobie drog\u0119 do dalszej wsp\u00f3\u0142pracy z klientami, kt\u00f3rzy byli ju\u017c na pozycji \u201espalonej\u201d.<br \/>Z drugiej strony klienci, kt\u00f3rzy mimo wcze\u015bniejszych trudno\u015bci i nieporozumie\u0144, ch\u0119tniej si\u0119 prze\u0142amuj\u0105 i wracaj\u0105 do us\u0142ugodawcy, kt\u00f3ry si\u0119 z nimi dogada\u0142 na r\u00f3wnych prawach i przy zachowaniu wzajemnego szacunku, jakie zapewnia mediacja.<\/p>\n<p>Jest jednak sprawa, o kt\u00f3rej nale\u017cy pami\u0119ta\u0107. Mediacje s\u0105 dobrowolne, zatem jedna i druga strona konfliktu musi wyrazi\u0107 na nie zgod\u0119. Je\u017celi czuje si\u0119 Pani na si\u0142ach, mo\u017ce Pani osobi\u015bcie zaproponowa\u0107 klientce porozumienie bez przemocy, jakie daje mediacja. Je\u017celi jednak przewiduje Pani odmow\u0119, mo\u017ce Pani poprosi\u0107 swojego mediatora do przej\u0119cia inicjatywy od pocz\u0105tku sprawy i skierowania zapytania do Pani klientki.<\/p>\n<p>[\/et_pb_accordion_item][\/et_pb_accordion][\/et_pb_column][\/et_pb_row][\/et_pb_section][et_pb_section fb_built=&#8221;1&#8243; _builder_version=&#8221;4.20.4&#8243; _module_preset=&#8221;default&#8221; background_color=&#8221;#003D03&#8243; use_background_color_gradient=&#8221;on&#8221; background_color_gradient_direction=&#8221;90deg&#8221; background_color_gradient_stops=&#8221;#d0e7aa 0%|#007c34 22%|#033d03 52%&#8221; border_width_bottom=&#8221;2px&#8221; border_color_bottom=&#8221;#FFFFFF&#8221; global_colors_info=&#8221;{}&#8221;][et_pb_row column_structure=&#8221;1_4,1_4,1_4,1_4&#8243; use_custom_gutter=&#8221;on&#8221; gutter_width=&#8221;2&#8243; make_equal=&#8221;on&#8221; _builder_version=&#8221;4.20.4&#8243; _module_preset=&#8221;default&#8221; global_colors_info=&#8221;{}&#8221;][et_pb_column type=&#8221;1_4&#8243; _builder_version=&#8221;4.20.4&#8243; _module_preset=&#8221;default&#8221; border_width_all=&#8221;2px&#8221; border_color_all=&#8221;#A9834F&#8221; global_colors_info=&#8221;{}&#8221;][et_pb_blurb title=&#8221;MEDIACJE A PYTANIA OG\u00d3LNE&#8221; url=&#8221;#pytaniaogolne&#8221; use_icon=&#8221;on&#8221; font_icon=&#8221;&#xe102;||divi||400&#8243; icon_color=&#8221;#A9834F&#8221; image_icon_width=&#8221;61px&#8221; _builder_version=&#8221;4.20.4&#8243; _module_preset=&#8221;default&#8221; header_text_color=&#8221;#A9834F&#8221; body_text_color=&#8221;#FFFFFF&#8221; image_icon_custom_margin=&#8221;10px|10px|10px|10px|false|false&#8221; custom_padding=&#8221;20px|20px|20px|20px|true|true&#8221; global_colors_info=&#8221;{}&#8221;][\/et_pb_blurb][\/et_pb_column][et_pb_column type=&#8221;1_4&#8243; _builder_version=&#8221;4.20.4&#8243; _module_preset=&#8221;default&#8221; border_width_all=&#8221;2px&#8221; border_color_all=&#8221;#A9834F&#8221; global_colors_info=&#8221;{}&#8221;][et_pb_blurb title=&#8221;MEDIACJE A PODZIA\u0141 MAJ\u0104TKU&#8221; use_icon=&#8221;on&#8221; font_icon=&#8221;&#xf4c0;||fa||900&#8243; icon_color=&#8221;#A9834F&#8221; image_icon_width=&#8221;61px&#8221; _builder_version=&#8221;4.20.4&#8243; _module_preset=&#8221;default&#8221; header_text_color=&#8221;#A9834F&#8221; body_text_color=&#8221;#FFFFFF&#8221; image_icon_custom_margin=&#8221;10px|10px|10px|10px|false|false&#8221; custom_padding=&#8221;20px|20px|20px|20px|true|true&#8221; global_colors_info=&#8221;{}&#8221;][\/et_pb_blurb][\/et_pb_column][et_pb_column type=&#8221;1_4&#8243; _builder_version=&#8221;4.20.4&#8243; _module_preset=&#8221;default&#8221; border_width_all=&#8221;2px&#8221; border_color_all=&#8221;#A9834F&#8221; global_colors_info=&#8221;{}&#8221;][et_pb_blurb title=&#8221;MEDIACJE A SPRAWY RODZINNE&#8221; use_icon=&#8221;on&#8221; font_icon=&#8221;&#xf0c0;||fa||900&#8243; icon_color=&#8221;#A9834F&#8221; image_icon_width=&#8221;61px&#8221; _builder_version=&#8221;4.20.4&#8243; _module_preset=&#8221;default&#8221; header_text_color=&#8221;#A9834F&#8221; body_text_color=&#8221;#FFFFFF&#8221; image_icon_custom_margin=&#8221;10px|10px|10px|10px|false|false&#8221; custom_padding=&#8221;20px|20px|20px|20px|true|true&#8221; global_colors_info=&#8221;{}&#8221;][\/et_pb_blurb][\/et_pb_column][et_pb_column type=&#8221;1_4&#8243; _builder_version=&#8221;4.20.4&#8243; _module_preset=&#8221;default&#8221; border_width_all=&#8221;2px&#8221; border_color_all=&#8221;#A9834F&#8221; global_colors_info=&#8221;{}&#8221;][et_pb_blurb title=&#8221;MEDIACJE A SPORY GOSPODARCZE&#8221; use_icon=&#8221;on&#8221; font_icon=&#8221;&#xf275;||fa||900&#8243; icon_color=&#8221;#A9834F&#8221; image_icon_width=&#8221;61px&#8221; _builder_version=&#8221;4.20.4&#8243; _module_preset=&#8221;default&#8221; header_text_color=&#8221;#A9834F&#8221; body_text_color=&#8221;#FFFFFF&#8221; image_icon_custom_margin=&#8221;10px|10px|10px|10px|false|false&#8221; custom_padding=&#8221;20px|20px|20px|20px|true|true&#8221; global_colors_info=&#8221;{}&#8221;][\/et_pb_blurb][\/et_pb_column][\/et_pb_row][et_pb_row column_structure=&#8221;1_4,1_4,1_4,1_4&#8243; use_custom_gutter=&#8221;on&#8221; gutter_width=&#8221;2&#8243; make_equal=&#8221;on&#8221; _builder_version=&#8221;4.20.4&#8243; _module_preset=&#8221;default&#8221; global_colors_info=&#8221;{}&#8221;][et_pb_column type=&#8221;1_4&#8243; _builder_version=&#8221;4.20.4&#8243; _module_preset=&#8221;default&#8221; border_width_all=&#8221;2px&#8221; border_color_all=&#8221;#A9834F&#8221; global_colors_info=&#8221;{}&#8221;][et_pb_blurb title=&#8221;MEDIACJA A WINDYKACJA NALE\u017bNO\u015aCI&#8221; use_icon=&#8221;on&#8221; font_icon=&#8221;&#xe100;||divi||400&#8243; icon_color=&#8221;#A9834F&#8221; image_icon_width=&#8221;61px&#8221; _builder_version=&#8221;4.20.4&#8243; _module_preset=&#8221;default&#8221; header_text_color=&#8221;#A9834F&#8221; body_text_color=&#8221;#FFFFFF&#8221; image_icon_custom_margin=&#8221;10px|10px|10px|10px|false|false&#8221; custom_padding=&#8221;20px|20px|20px|20px|true|true&#8221; global_colors_info=&#8221;{}&#8221;][\/et_pb_blurb][\/et_pb_column][et_pb_column type=&#8221;1_4&#8243; _builder_version=&#8221;4.20.4&#8243; _module_preset=&#8221;default&#8221; border_width_all=&#8221;2px&#8221; border_color_all=&#8221;#A9834F&#8221; global_colors_info=&#8221;{}&#8221;][et_pb_blurb title=&#8221;MEDIACJE A WIELKIE KORPORACJE&#8221; use_icon=&#8221;on&#8221; font_icon=&#8221;&#xe0ef;||divi||400&#8243; icon_color=&#8221;#A9834F&#8221; image_icon_width=&#8221;61px&#8221; _builder_version=&#8221;4.20.4&#8243; _module_preset=&#8221;default&#8221; header_text_color=&#8221;#A9834F&#8221; body_text_color=&#8221;#FFFFFF&#8221; image_icon_custom_margin=&#8221;10px|10px|10px|10px|false|false&#8221; custom_padding=&#8221;20px|20px|20px|20px|true|true&#8221; global_colors_info=&#8221;{}&#8221;][\/et_pb_blurb][\/et_pb_column][et_pb_column type=&#8221;1_4&#8243; _builder_version=&#8221;4.20.4&#8243; _module_preset=&#8221;default&#8221; border_width_all=&#8221;2px&#8221; border_color_all=&#8221;#A9834F&#8221; global_colors_info=&#8221;{}&#8221;][et_pb_blurb title=&#8221;MEDIACJE A KOSZTY S\u0104DOWE&#8221; use_icon=&#8221;on&#8221; font_icon=&#8221;&#xe0ed;||divi||400&#8243; icon_color=&#8221;#A9834F&#8221; image_icon_width=&#8221;61px&#8221; _builder_version=&#8221;4.20.4&#8243; _module_preset=&#8221;default&#8221; header_text_color=&#8221;#A9834F&#8221; body_text_color=&#8221;#FFFFFF&#8221; image_icon_custom_margin=&#8221;10px|10px|10px|10px|false|false&#8221; custom_padding=&#8221;20px|20px|20px|20px|true|true&#8221; global_colors_info=&#8221;{}&#8221;][\/et_pb_blurb][\/et_pb_column][et_pb_column type=&#8221;1_4&#8243; _builder_version=&#8221;4.20.4&#8243; _module_preset=&#8221;default&#8221; border_width_all=&#8221;2px&#8221; border_color_all=&#8221;#A9834F&#8221; global_colors_info=&#8221;{}&#8221;][et_pb_blurb title=&#8221;MEDIACJE A SPRAWY KARNE&#8221; use_icon=&#8221;on&#8221; font_icon=&#8221;&#xf0e3;||fa||900&#8243; icon_color=&#8221;#A9834F&#8221; image_icon_width=&#8221;61px&#8221; _builder_version=&#8221;4.20.4&#8243; _module_preset=&#8221;default&#8221; header_text_color=&#8221;#A9834F&#8221; body_text_color=&#8221;#FFFFFF&#8221; image_icon_custom_margin=&#8221;10px|10px|10px|10px|false|false&#8221; custom_padding=&#8221;20px|20px|20px|20px|true|true&#8221; global_colors_info=&#8221;{}&#8221;][\/et_pb_blurb][\/et_pb_column][\/et_pb_row][\/et_pb_section]<\/p>\n","protected":false},"excerpt":{"rendered":"<p>Mediacja w windykacji nale\u017cno\u015bciMediacja w windykacji nale\u017cno\u015bci:Taka sytuacja zdarza si\u0119 cz\u0119sto r\u00f3wnie\u017c w sprawach zako\u0144czonych wyrokiem s\u0105du. Jednak nie wszystkie jeszcze \u015brodki swojej ochrony prawnej Pani wykorzysta\u0142a. W takiej sytuacji nale\u017cy zwr\u00f3ci\u0107 si\u0119 z wnioskiem do s\u0105du o nadanie ugodzie (tak samo jak nadaje si\u0119 wyrokowi s\u0105du) klauzuli wykonalno\u015bci. S\u0105d jest zobowi\u0105zany w kr\u00f3tkim czasie [&hellip;]<\/p>\n","protected":false},"author":1,"featured_media":0,"parent":0,"menu_order":0,"comment_status":"closed","ping_status":"closed","template":"","meta":{"_et_pb_use_builder":"on","_et_pb_old_content":"<!-- wp:divi\/placeholder \/-->","_et_gb_content_width":"","footnotes":""},"class_list":["post-326","page","type-page","status-publish","hentry"],"_links":{"self":[{"href":"https:\/\/new.fedorowska.pl\/index.php\/wp-json\/wp\/v2\/pages\/326","targetHints":{"allow":["GET"]}}],"collection":[{"href":"https:\/\/new.fedorowska.pl\/index.php\/wp-json\/wp\/v2\/pages"}],"about":[{"href":"https:\/\/new.fedorowska.pl\/index.php\/wp-json\/wp\/v2\/types\/page"}],"author":[{"embeddable":true,"href":"https:\/\/new.fedorowska.pl\/index.php\/wp-json\/wp\/v2\/users\/1"}],"replies":[{"embeddable":true,"href":"https:\/\/new.fedorowska.pl\/index.php\/wp-json\/wp\/v2\/comments?post=326"}],"version-history":[{"count":4,"href":"https:\/\/new.fedorowska.pl\/index.php\/wp-json\/wp\/v2\/pages\/326\/revisions"}],"predecessor-version":[{"id":1276,"href":"https:\/\/new.fedorowska.pl\/index.php\/wp-json\/wp\/v2\/pages\/326\/revisions\/1276"}],"wp:attachment":[{"href":"https:\/\/new.fedorowska.pl\/index.php\/wp-json\/wp\/v2\/media?parent=326"}],"curies":[{"name":"wp","href":"https:\/\/api.w.org\/{rel}","templated":true}]}}