{"id":176,"date":"2023-08-06T15:21:12","date_gmt":"2023-08-06T13:21:12","guid":{"rendered":"https:\/\/new.fedorowska.pl\/?page_id=176"},"modified":"2025-06-28T12:20:15","modified_gmt":"2025-06-28T10:20:15","slug":"mediacje-a-sprawy-rodzinne","status":"publish","type":"page","link":"https:\/\/new.fedorowska.pl\/index.php\/mediacje-a-sprawy-rodzinne\/","title":{"rendered":"Mediacje a sprawy rodzinne"},"content":{"rendered":"<p>[et_pb_section fb_built=&#8221;1&#8243; _builder_version=&#8221;4.20.4&#8243; _module_preset=&#8221;default&#8221; use_background_color_gradient=&#8221;on&#8221; background_color_gradient_stops=&#8221;#ffffff 1%|rgba(255,255,255,0.11) 56%&#8221; background_color_gradient_overlays_image=&#8221;on&#8221; background_image=&#8221;http:\/\/new.fedorowska.pl\/wp-content\/uploads\/2023\/05\/AdobeStock_314854060-scaled.jpeg&#8221; background_position=&#8221;top_center&#8221; min_height=&#8221;498px&#8221; min_height_tablet=&#8221;498px&#8221; min_height_phone=&#8221;498px&#8221; min_height_last_edited=&#8221;on|phone&#8221; custom_padding=&#8221;37px||40px|||&#8221; global_colors_info=&#8221;{}&#8221;][et_pb_row column_structure=&#8221;3_5,2_5&#8243; _builder_version=&#8221;4.20.4&#8243; _module_preset=&#8221;default&#8221; global_colors_info=&#8221;{}&#8221;][et_pb_column type=&#8221;3_5&#8243; _builder_version=&#8221;4.20.4&#8243; _module_preset=&#8221;default&#8221; global_colors_info=&#8221;{}&#8221;][et_pb_text _builder_version=&#8221;4.20.4&#8243; _module_preset=&#8221;default&#8221; text_font_size=&#8221;20px&#8221; header_font=&#8221;|800|||||||&#8221; header_text_color=&#8221;#007C34&#8243; header_font_size=&#8221;35px&#8221; custom_padding=&#8221;20px||||false|false&#8221; hover_enabled=&#8221;0&#8243; global_colors_info=&#8221;{}&#8221; sticky_enabled=&#8221;0&#8243;]<\/p>\n<h1>Mediacje w sprawach rodzinnych<\/h1>\n<p>&nbsp;<\/p>\n<p>[\/et_pb_text][\/et_pb_column][et_pb_column type=&#8221;2_5&#8243; _builder_version=&#8221;4.20.4&#8243; _module_preset=&#8221;default&#8221; global_colors_info=&#8221;{}&#8221;][et_pb_blurb title=&#8221;Wy\u015blij pytanie do mediatora&#8221; url=&#8221;mailto:mediacje@fedorowska.pl&#8221; use_icon=&#8221;on&#8221; font_icon=&#8221;&#x74;||divi||400&#8243; icon_color=&#8221;#FFFFFF&#8221; _builder_version=&#8221;4.20.4&#8243; _module_preset=&#8221;default&#8221; header_text_align=&#8221;center&#8221; body_text_align=&#8221;center&#8221; background_color=&#8221;#003D03&#8243; use_background_color_gradient=&#8221;on&#8221; background_color_gradient_stops=&#8221;#007c34 0%|#033d03 100%&#8221; image_icon_custom_padding=&#8221;5px||5px||true|false&#8221; background_layout=&#8221;dark&#8221; custom_padding=&#8221;1vw|1vw|1vw|1vw|true|true&#8221; global_colors_info=&#8221;{}&#8221; theme_builder_area=&#8221;post_content&#8221;][\/et_pb_blurb][\/et_pb_column][\/et_pb_row][\/et_pb_section][et_pb_section fb_built=&#8221;1&#8243; _builder_version=&#8221;4.20.4&#8243; _module_preset=&#8221;default&#8221; custom_padding=&#8221;29px|||||&#8221; global_colors_info=&#8221;{}&#8221;][et_pb_row _builder_version=&#8221;4.20.4&#8243; _module_preset=&#8221;default&#8221; global_colors_info=&#8221;{}&#8221;][et_pb_column type=&#8221;4_4&#8243; _builder_version=&#8221;4.20.4&#8243; _module_preset=&#8221;default&#8221; global_colors_info=&#8221;{}&#8221;][et_pb_text module_id=&#8221;pytaniaogolne&#8221; _builder_version=&#8221;4.20.4&#8243; _module_preset=&#8221;default&#8221; header_2_text_color=&#8221;#007C34&#8243; header_2_font_size=&#8221;35px&#8221; hover_enabled=&#8221;0&#8243; global_colors_info=&#8221;{}&#8221; sticky_enabled=&#8221;0&#8243;]<\/p>\n<h2 style=\"text-align: center;\">Mediacje w sprawach rodzinnych:<\/h2>\n<p>[\/et_pb_text][\/et_pb_column][\/et_pb_row][et_pb_row _builder_version=&#8221;4.20.4&#8243; _module_preset=&#8221;default&#8221; global_colors_info=&#8221;{}&#8221; theme_builder_area=&#8221;post_content&#8221;][et_pb_column type=&#8221;4_4&#8243; _builder_version=&#8221;4.20.4&#8243; _module_preset=&#8221;default&#8221; global_colors_info=&#8221;{}&#8221; theme_builder_area=&#8221;post_content&#8221;][et_pb_accordion _builder_version=&#8221;4.20.4&#8243; _module_preset=&#8221;default&#8221; toggle_text_color=&#8221;#007C34&#8243; toggle_font=&#8221;|600|||||||&#8221; toggle_line_height=&#8221;1.3em&#8221; hover_enabled=&#8221;0&#8243; global_colors_info=&#8221;{}&#8221; theme_builder_area=&#8221;post_content&#8221; sticky_enabled=&#8221;0&#8243;][et_pb_accordion_item title=&#8221;Czy mog\u0119 mediowa\u0107 w przypadku problem\u00f3w rodzinnych, takich jak rozw\u00f3d, podzia\u0142 obowi\u0105zk\u00f3w, separacja? Czy mediator udziela rozwodu?&#8221; open=&#8221;on&#8221; _builder_version=&#8221;4.20.4&#8243; _module_preset=&#8221;default&#8221; hover_enabled=&#8221;0&#8243; global_colors_info=&#8221;{}&#8221; theme_builder_area=&#8221;post_content&#8221; sticky_enabled=&#8221;0&#8243;]<\/p>\n<p>Instytucja mediacji w sprawach rodzinnych zosta\u0142a ustanowiona w celu ugodowego za\u0142atwienia spornych kwestii dotycz\u0105cych zaspokojenia potrzeb rodziny, aliment\u00f3w, sposobu sprawowania w\u0142adzy rodzicielskiej, kontakt\u00f3w z dzie\u0107mi oraz spraw maj\u0105tkowych podlegaj\u0105cych rozstrzygni\u0119ciu w wyroku orzekaj\u0105cym rozw\u00f3d lub separacj\u0119.<\/p>\n<p>Mediator nie udziela rozwodu. Mo\u017ce go udzieli\u0107 tylko s\u0105d.<\/p>\n<p>[\/et_pb_accordion_item][et_pb_accordion_item title=&#8221;Czy mog\u0119 mediowa\u0107 z doros\u0142ym ju\u017c dzieckiem w sprawie wysoko\u015bci i sposobu p\u0142acenia mu aliment\u00f3w?&#8221; _builder_version=&#8221;4.20.4&#8243; _module_preset=&#8221;default&#8221; hover_enabled=&#8221;0&#8243; global_colors_info=&#8221;{}&#8221; theme_builder_area=&#8221;post_content&#8221; open=&#8221;off&#8221; sticky_enabled=&#8221;0&#8243;]<\/p>\n<p>Tak, je\u017celi c\u00f3rka uko\u0144czy\u0142a 18 lat lub syn 21, czyli weszli w okres doros\u0142o\u015bci, mog\u0105 osobi\u015bcie zadba\u0107 o swoje sprawy.<\/p>\n<p>Wa\u017cne jest jednak zachowanie psychologicznej i spo\u0142ecznej r\u00f3wnowagi mi\u0119dzy stronami. Rodzic ma wi\u0119ksze do\u015bwiadczenie, dlatego dobrze jest, gdy doros\u0142y, ale jeszcze m\u0142ody syn czy c\u00f3rka otrzyma w trakcie mediacji wsparcie zaufanej i do\u015bwiadczonej osoby.<\/p>\n<p>Na obecno\u015b\u0107 w mediacji os\u00f3b trzecich musz\u0105 si\u0119 zgodzi\u0107 obie zainteresowane strony.<\/p>\n<p>[\/et_pb_accordion_item][et_pb_accordion_item title=&#8221;Czy mog\u0119 mediowa\u0107 z doros\u0142ym ju\u017c dzieckiem w sprawie wysoko\u015bci i sposobu p\u0142acenia mu aliment\u00f3w?&#8221; _builder_version=&#8221;4.20.4&#8243; _module_preset=&#8221;default&#8221; hover_enabled=&#8221;0&#8243; global_colors_info=&#8221;{}&#8221; theme_builder_area=&#8221;post_content&#8221; open=&#8221;off&#8221; sticky_enabled=&#8221;0&#8243;]<\/p>\n<p>Tak, je\u017celi c\u00f3rka uko\u0144czy\u0142a 18 lat lub syn 21, czyli weszli w okres doros\u0142o\u015bci, mog\u0105 osobi\u015bcie zadba\u0107 o swoje sprawy.<\/p>\n<p>Wa\u017cne jest jednak zachowanie psychologicznej i spo\u0142ecznej r\u00f3wnowagi mi\u0119dzy stronami. Rodzic ma wi\u0119ksze do\u015bwiadczenie, dlatego dobrze jest, gdy doros\u0142y, ale jeszcze m\u0142ody syn czy c\u00f3rka otrzyma w trakcie mediacji wsparcie zaufanej i do\u015bwiadczonej osoby.<\/p>\n<p>Na obecno\u015b\u0107 w mediacji os\u00f3b trzecich musz\u0105 si\u0119 zgodzi\u0107 obie zainteresowane strony.<\/p>\n<p>[\/et_pb_accordion_item][et_pb_accordion_item title=&#8221;Nie mog\u0119 si\u0119 dogada\u0107 z by\u0142ym m\u0119\u017cem w kwestii kontakt\u00f3w z ma\u0142oletnimi c\u00f3rkami. Nie dotrzymuje um\u00f3w, przychodzi w innych terminach ni\u017c ustalone i ma \u017cal, \u017ce ograniczam mu kontakt z dzie\u0107mi. Czy z takim problemem powinnam uda\u0107 si\u0119 do s\u0105du czy do mediatora?&#8221; _builder_version=&#8221;4.20.4&#8243; _module_preset=&#8221;default&#8221; hover_enabled=&#8221;0&#8243; global_colors_info=&#8221;{}&#8221; theme_builder_area=&#8221;post_content&#8221; open=&#8221;off&#8221; sticky_enabled=&#8221;0&#8243;]<\/p>\n<p>Sprawy o opiek\u0119 nad ma\u0142oletnimi dzie\u0107mi s\u0105 szczeg\u00f3lnie delikatne. S\u0105downictwo w Polsce zmierza w kierunku rozstrzygania spor\u00f3w z aktywnym udzia\u0142em stron konfliktu. Nie umo\u017cliwia tego proces s\u0105dowy, kt\u00f3ry arbitralnie rozstrzyga o losie rodziny, w tym dzieci, bez wsp\u00f3\u0142decydowania zwa\u015bnionych stron.<\/p>\n<p>Jedynie mediacja mo\u017ce zaradzi\u0107 problemom rodzinnym z zachowaniem wp\u0142ywu ka\u017cdej ze stron na kszta\u0142t sytuacji rodzinnej.<\/p>\n<p>Warunkiem jest brak uzale\u017cnienia obu stron. Je\u017celi przyczyn\u0105 konfliktu jest alkoholizm, narkomania, lekomania, choroba psychiczna itp., to na tym etapie mediacja mo\u017ce dotyczy\u0107 jedynie udania si\u0119 uzale\u017cnionej strony na leczenie i formy tego leczenia.<\/p>\n<p>Uzale\u017cniona osoba nie daje gwarancji bezpiecze\u0144stwa ma\u0142oletniemu dziecku ani gwarancji dotrzymania um\u00f3w.<\/p>\n<p>Dopiero trwaj\u0105ce d\u0142u\u017cszy czas wysi\u0142ki wyj\u015bcia z na\u0142ogu kwalifikuj\u0105 stron\u0119 do udzia\u0142u w mediacji dotycz\u0105cej opieki nad ma\u0142oletnimi dzie\u0107mi.<\/p>\n<p>[\/et_pb_accordion_item][et_pb_accordion_item title=&#8221;Czym jest obligatoryjna mediacja rodzinna? Czy ma\u0142\u017conkowie musz\u0105 si\u0119 jej podda\u0107?&#8221; _builder_version=&#8221;4.20.4&#8243; _module_preset=&#8221;default&#8221; hover_enabled=&#8221;0&#8243; global_colors_info=&#8221;{}&#8221; theme_builder_area=&#8221;post_content&#8221; open=&#8221;off&#8221; sticky_enabled=&#8221;0&#8243;]<\/p>\n<p>Planowana w Polsce obligatoryjna mediacja rodzinna prawdopodobnie b\u0119dzie obowi\u0105zywa\u0142a s\u0105dy, ale stronom pozostawi prawo wyboru czy chc\u0105 z niej skorzysta\u0107.<\/p>\n<p>[\/et_pb_accordion_item][et_pb_accordion_item title=&#8221;Jakie tematy mog\u0119 om\u00f3wi\u0107 z \u017con\u0105, gdy uznam, \u017ce mediacja rodzinna jest dla nas dobr\u0105 form\u0105 rozwi\u0105zania konfliktu ma\u0142\u017ce\u0144skiego?&#8221; _builder_version=&#8221;4.20.4&#8243; _module_preset=&#8221;default&#8221; hover_enabled=&#8221;0&#8243; global_colors_info=&#8221;{}&#8221; theme_builder_area=&#8221;post_content&#8221; open=&#8221;off&#8221; sticky_enabled=&#8221;0&#8243;]<\/p>\n<p><strong>Mediacja rodzinna umo\u017cliwia ma\u0142\u017conkom poruszenie nast\u0119puj\u0105cych temat\u00f3w:<\/strong><\/p>\n<ul>\n<li>Pr\u00f3by pojednania ma\u0142\u017conk\u00f3w<\/li>\n<li>Ustalenia wsp\u00f3lnego stanowiska rozwodowego rodzic\u00f3w dla potrzeb dziecka<\/li>\n<li>Uregulowania kontakt\u00f3w rodzic\u00f3w z dzieckiem<\/li>\n<li>Ustalenia obowi\u0105zku alimentacyjnego, wysoko\u015bci i sposobu p\u0142atno\u015bci aliment\u00f3w<\/li>\n<li>Sp\u0142aty zobowi\u0105za\u0144 finansowych<\/li>\n<li>Miejsca zamieszkania dziecka<\/li>\n<li>Szczeg\u00f3\u0142owego planu codziennej opieki nad dzieckiem, ze szczeg\u00f3lnym uwzgl\u0119dnieniem innej sytuacji rodzica dochodz\u0105cego i rodzica pozostaj\u0105cego przy dziecku np. dni i godzin odbioru ze szko\u0142y, sp\u0119dzania czasu wolnego<\/li>\n<li>Od\u017cywiania dziecka<\/li>\n<li>Leczenia dziecka<\/li>\n<li>Kosztu utrzymania dziecka podczas pobytu u drugiego rodzica<\/li>\n<li>Odpowiedzialno\u015bci opieku\u0144czej i finansowej rodzic\u00f3w w razie nag\u0142ego wypadku czy ci\u0119\u017ckiej choroby dziecka<\/li>\n<li>Post\u0119powania w sytuacji nag\u0142ego pogorszenia stanu zdrowia dziecka<\/li>\n<li>Odrabiania lekcji<\/li>\n<li>Ustalenia kontakt\u00f3w z nowym partnerem rodzica<\/li>\n<li>Planu sp\u0119dzania wakacji, ferii zimowych oraz \u015bwi\u0105t<\/li>\n<li>Formy i zakresu wsp\u00f3\u0142pracy rodzic\u00f3w w zakresie wychowania dziecka<\/li>\n<li>Innych, nie wymienionych aspekt\u00f3w \u017cycia codziennego, wa\u017cnych dla sprawowania opieki nad dzieckiem<\/li>\n<\/ul>\n<p>[\/et_pb_accordion_item][\/et_pb_accordion][\/et_pb_column][\/et_pb_row][\/et_pb_section][et_pb_section fb_built=&#8221;1&#8243; _builder_version=&#8221;4.20.4&#8243; _module_preset=&#8221;default&#8221; background_color=&#8221;#003D03&#8243; use_background_color_gradient=&#8221;on&#8221; background_color_gradient_direction=&#8221;90deg&#8221; background_color_gradient_stops=&#8221;#d0e7aa 0%|#007c34 22%|#033d03 52%&#8221; border_width_bottom=&#8221;2px&#8221; border_color_bottom=&#8221;#FFFFFF&#8221; global_colors_info=&#8221;{}&#8221; theme_builder_area=&#8221;post_content&#8221;][et_pb_row column_structure=&#8221;1_4,1_4,1_4,1_4&#8243; use_custom_gutter=&#8221;on&#8221; gutter_width=&#8221;2&#8243; make_equal=&#8221;on&#8221; _builder_version=&#8221;4.20.4&#8243; _module_preset=&#8221;default&#8221; global_colors_info=&#8221;{}&#8221; theme_builder_area=&#8221;post_content&#8221;][et_pb_column type=&#8221;1_4&#8243; _builder_version=&#8221;4.20.4&#8243; _module_preset=&#8221;default&#8221; border_width_all=&#8221;2px&#8221; border_color_all=&#8221;#A9834F&#8221; global_colors_info=&#8221;{}&#8221; theme_builder_area=&#8221;post_content&#8221;][et_pb_blurb title=&#8221;MEDIACJE A PYTANIA OG\u00d3LNE&#8221; url=&#8221;#pytaniaogolne&#8221; use_icon=&#8221;on&#8221; font_icon=&#8221;&#xe102;||divi||400&#8243; icon_color=&#8221;#A9834F&#8221; image_icon_width=&#8221;61px&#8221; _builder_version=&#8221;4.20.4&#8243; _module_preset=&#8221;default&#8221; header_text_color=&#8221;#A9834F&#8221; body_text_color=&#8221;#FFFFFF&#8221; image_icon_custom_margin=&#8221;10px|10px|10px|10px|false|false&#8221; custom_padding=&#8221;20px|20px|20px|20px|true|true&#8221; global_colors_info=&#8221;{}&#8221; theme_builder_area=&#8221;post_content&#8221;][\/et_pb_blurb][\/et_pb_column][et_pb_column type=&#8221;1_4&#8243; _builder_version=&#8221;4.20.4&#8243; _module_preset=&#8221;default&#8221; border_width_all=&#8221;2px&#8221; border_color_all=&#8221;#A9834F&#8221; global_colors_info=&#8221;{}&#8221; theme_builder_area=&#8221;post_content&#8221;][et_pb_blurb title=&#8221;MEDIACJE A PODZIA\u0141 MAJ\u0104TKU&#8221; use_icon=&#8221;on&#8221; font_icon=&#8221;&#xf4c0;||fa||900&#8243; icon_color=&#8221;#A9834F&#8221; image_icon_width=&#8221;61px&#8221; _builder_version=&#8221;4.20.4&#8243; _module_preset=&#8221;default&#8221; header_text_color=&#8221;#A9834F&#8221; body_text_color=&#8221;#FFFFFF&#8221; image_icon_custom_margin=&#8221;10px|10px|10px|10px|false|false&#8221; custom_padding=&#8221;20px|20px|20px|20px|true|true&#8221; global_colors_info=&#8221;{}&#8221; theme_builder_area=&#8221;post_content&#8221;][\/et_pb_blurb][\/et_pb_column][et_pb_column type=&#8221;1_4&#8243; _builder_version=&#8221;4.20.4&#8243; _module_preset=&#8221;default&#8221; border_width_all=&#8221;2px&#8221; border_color_all=&#8221;#A9834F&#8221; global_colors_info=&#8221;{}&#8221; theme_builder_area=&#8221;post_content&#8221;][et_pb_blurb title=&#8221;MEDIACJE A SPRAWY RODZINNE&#8221; use_icon=&#8221;on&#8221; font_icon=&#8221;&#xf0c0;||fa||900&#8243; icon_color=&#8221;#A9834F&#8221; image_icon_width=&#8221;61px&#8221; _builder_version=&#8221;4.20.4&#8243; _module_preset=&#8221;default&#8221; header_text_color=&#8221;#A9834F&#8221; body_text_color=&#8221;#FFFFFF&#8221; image_icon_custom_margin=&#8221;10px|10px|10px|10px|false|false&#8221; custom_padding=&#8221;20px|20px|20px|20px|true|true&#8221; global_colors_info=&#8221;{}&#8221; theme_builder_area=&#8221;post_content&#8221;][\/et_pb_blurb][\/et_pb_column][et_pb_column type=&#8221;1_4&#8243; _builder_version=&#8221;4.20.4&#8243; _module_preset=&#8221;default&#8221; border_width_all=&#8221;2px&#8221; border_color_all=&#8221;#A9834F&#8221; global_colors_info=&#8221;{}&#8221; theme_builder_area=&#8221;post_content&#8221;][et_pb_blurb title=&#8221;MEDIACJE A SPORY GOSPODARCZE&#8221; use_icon=&#8221;on&#8221; font_icon=&#8221;&#xf275;||fa||900&#8243; icon_color=&#8221;#A9834F&#8221; image_icon_width=&#8221;61px&#8221; _builder_version=&#8221;4.20.4&#8243; _module_preset=&#8221;default&#8221; header_text_color=&#8221;#A9834F&#8221; body_text_color=&#8221;#FFFFFF&#8221; image_icon_custom_margin=&#8221;10px|10px|10px|10px|false|false&#8221; custom_padding=&#8221;20px|20px|20px|20px|true|true&#8221; global_colors_info=&#8221;{}&#8221; theme_builder_area=&#8221;post_content&#8221;][\/et_pb_blurb][\/et_pb_column][\/et_pb_row][et_pb_row column_structure=&#8221;1_4,1_4,1_4,1_4&#8243; use_custom_gutter=&#8221;on&#8221; gutter_width=&#8221;2&#8243; make_equal=&#8221;on&#8221; _builder_version=&#8221;4.20.4&#8243; _module_preset=&#8221;default&#8221; global_colors_info=&#8221;{}&#8221; theme_builder_area=&#8221;post_content&#8221;][et_pb_column type=&#8221;1_4&#8243; _builder_version=&#8221;4.20.4&#8243; _module_preset=&#8221;default&#8221; border_width_all=&#8221;2px&#8221; border_color_all=&#8221;#A9834F&#8221; global_colors_info=&#8221;{}&#8221; theme_builder_area=&#8221;post_content&#8221;][et_pb_blurb title=&#8221;MEDIACJA A WINDYKACJA NALE\u017bNO\u015aCI&#8221; use_icon=&#8221;on&#8221; font_icon=&#8221;&#xe100;||divi||400&#8243; icon_color=&#8221;#A9834F&#8221; image_icon_width=&#8221;61px&#8221; _builder_version=&#8221;4.20.4&#8243; _module_preset=&#8221;default&#8221; header_text_color=&#8221;#A9834F&#8221; body_text_color=&#8221;#FFFFFF&#8221; image_icon_custom_margin=&#8221;10px|10px|10px|10px|false|false&#8221; custom_padding=&#8221;20px|20px|20px|20px|true|true&#8221; global_colors_info=&#8221;{}&#8221; theme_builder_area=&#8221;post_content&#8221;][\/et_pb_blurb][\/et_pb_column][et_pb_column type=&#8221;1_4&#8243; _builder_version=&#8221;4.20.4&#8243; _module_preset=&#8221;default&#8221; border_width_all=&#8221;2px&#8221; border_color_all=&#8221;#A9834F&#8221; global_colors_info=&#8221;{}&#8221; theme_builder_area=&#8221;post_content&#8221;][et_pb_blurb title=&#8221;MEDIACJE A WIELKIE KORPORACJE&#8221; use_icon=&#8221;on&#8221; font_icon=&#8221;&#xe0ef;||divi||400&#8243; icon_color=&#8221;#A9834F&#8221; image_icon_width=&#8221;61px&#8221; _builder_version=&#8221;4.20.4&#8243; _module_preset=&#8221;default&#8221; header_text_color=&#8221;#A9834F&#8221; body_text_color=&#8221;#FFFFFF&#8221; image_icon_custom_margin=&#8221;10px|10px|10px|10px|false|false&#8221; custom_padding=&#8221;20px|20px|20px|20px|true|true&#8221; global_colors_info=&#8221;{}&#8221; theme_builder_area=&#8221;post_content&#8221;][\/et_pb_blurb][\/et_pb_column][et_pb_column type=&#8221;1_4&#8243; _builder_version=&#8221;4.20.4&#8243; _module_preset=&#8221;default&#8221; border_width_all=&#8221;2px&#8221; border_color_all=&#8221;#A9834F&#8221; global_colors_info=&#8221;{}&#8221; theme_builder_area=&#8221;post_content&#8221;][et_pb_blurb title=&#8221;MEDIACJE A KOSZTY S\u0104DOWE&#8221; use_icon=&#8221;on&#8221; font_icon=&#8221;&#xe0ed;||divi||400&#8243; icon_color=&#8221;#A9834F&#8221; image_icon_width=&#8221;61px&#8221; _builder_version=&#8221;4.20.4&#8243; _module_preset=&#8221;default&#8221; header_text_color=&#8221;#A9834F&#8221; body_text_color=&#8221;#FFFFFF&#8221; image_icon_custom_margin=&#8221;10px|10px|10px|10px|false|false&#8221; custom_padding=&#8221;20px|20px|20px|20px|true|true&#8221; global_colors_info=&#8221;{}&#8221; theme_builder_area=&#8221;post_content&#8221;][\/et_pb_blurb][\/et_pb_column][et_pb_column type=&#8221;1_4&#8243; _builder_version=&#8221;4.20.4&#8243; _module_preset=&#8221;default&#8221; border_width_all=&#8221;2px&#8221; border_color_all=&#8221;#A9834F&#8221; global_colors_info=&#8221;{}&#8221; theme_builder_area=&#8221;post_content&#8221;][et_pb_blurb title=&#8221;MEDIACJE A SPRAWY KARNE&#8221; use_icon=&#8221;on&#8221; font_icon=&#8221;&#xf0e3;||fa||900&#8243; icon_color=&#8221;#A9834F&#8221; image_icon_width=&#8221;61px&#8221; _builder_version=&#8221;4.20.4&#8243; _module_preset=&#8221;default&#8221; header_text_color=&#8221;#A9834F&#8221; body_text_color=&#8221;#FFFFFF&#8221; image_icon_custom_margin=&#8221;10px|10px|10px|10px|false|false&#8221; custom_padding=&#8221;20px|20px|20px|20px|true|true&#8221; global_colors_info=&#8221;{}&#8221; theme_builder_area=&#8221;post_content&#8221;][\/et_pb_blurb][\/et_pb_column][\/et_pb_row][\/et_pb_section]<\/p>\n","protected":false},"excerpt":{"rendered":"<p>Mediacje w sprawach rodzinnych &nbsp;Mediacje w sprawach rodzinnych:Instytucja mediacji w sprawach rodzinnych zosta\u0142a ustanowiona w celu ugodowego za\u0142atwienia spornych kwestii dotycz\u0105cych zaspokojenia potrzeb rodziny, aliment\u00f3w, sposobu sprawowania w\u0142adzy rodzicielskiej, kontakt\u00f3w z dzie\u0107mi oraz spraw maj\u0105tkowych podlegaj\u0105cych rozstrzygni\u0119ciu w wyroku orzekaj\u0105cym rozw\u00f3d lub separacj\u0119. Mediator nie udziela rozwodu. Mo\u017ce go udzieli\u0107 tylko s\u0105d.Tak, je\u017celi c\u00f3rka uko\u0144czy\u0142a [&hellip;]<\/p>\n","protected":false},"author":1,"featured_media":0,"parent":0,"menu_order":0,"comment_status":"closed","ping_status":"closed","template":"","meta":{"_et_pb_use_builder":"on","_et_pb_old_content":"","_et_gb_content_width":"","footnotes":""},"class_list":["post-176","page","type-page","status-publish","hentry"],"_links":{"self":[{"href":"https:\/\/new.fedorowska.pl\/index.php\/wp-json\/wp\/v2\/pages\/176","targetHints":{"allow":["GET"]}}],"collection":[{"href":"https:\/\/new.fedorowska.pl\/index.php\/wp-json\/wp\/v2\/pages"}],"about":[{"href":"https:\/\/new.fedorowska.pl\/index.php\/wp-json\/wp\/v2\/types\/page"}],"author":[{"embeddable":true,"href":"https:\/\/new.fedorowska.pl\/index.php\/wp-json\/wp\/v2\/users\/1"}],"replies":[{"embeddable":true,"href":"https:\/\/new.fedorowska.pl\/index.php\/wp-json\/wp\/v2\/comments?post=176"}],"version-history":[{"count":4,"href":"https:\/\/new.fedorowska.pl\/index.php\/wp-json\/wp\/v2\/pages\/176\/revisions"}],"predecessor-version":[{"id":407,"href":"https:\/\/new.fedorowska.pl\/index.php\/wp-json\/wp\/v2\/pages\/176\/revisions\/407"}],"wp:attachment":[{"href":"https:\/\/new.fedorowska.pl\/index.php\/wp-json\/wp\/v2\/media?parent=176"}],"curies":[{"name":"wp","href":"https:\/\/api.w.org\/{rel}","templated":true}]}}