{"id":168,"date":"2023-08-06T15:09:48","date_gmt":"2023-08-06T13:09:48","guid":{"rendered":"https:\/\/new.fedorowska.pl\/?page_id=168"},"modified":"2025-06-28T12:08:44","modified_gmt":"2025-06-28T10:08:44","slug":"mediacje-a-pytania-ogolne","status":"publish","type":"page","link":"https:\/\/new.fedorowska.pl\/index.php\/mediacje-a-pytania-ogolne\/","title":{"rendered":"Mediacje a pytania og\u00f3lne"},"content":{"rendered":"<p>[et_pb_section fb_built=&#8221;1&#8243; _builder_version=&#8221;4.20.4&#8243; _module_preset=&#8221;default&#8221; use_background_color_gradient=&#8221;on&#8221; background_color_gradient_stops=&#8221;#ffffff 1%|rgba(255,255,255,0.11) 56%&#8221; background_color_gradient_overlays_image=&#8221;on&#8221; background_image=&#8221;http:\/\/new.fedorowska.pl\/wp-content\/uploads\/2023\/05\/AdobeStock_314854060-scaled.jpeg&#8221; background_position=&#8221;top_center&#8221; min_height=&#8221;498px&#8221; min_height_tablet=&#8221;498px&#8221; min_height_phone=&#8221;498px&#8221; min_height_last_edited=&#8221;on|phone&#8221; custom_padding=&#8221;37px||40px|||&#8221; global_colors_info=&#8221;{}&#8221;][et_pb_row column_structure=&#8221;3_5,2_5&#8243; _builder_version=&#8221;4.20.4&#8243; _module_preset=&#8221;default&#8221; global_colors_info=&#8221;{}&#8221;][et_pb_column type=&#8221;3_5&#8243; _builder_version=&#8221;4.20.4&#8243; _module_preset=&#8221;default&#8221; global_colors_info=&#8221;{}&#8221;][et_pb_text _builder_version=&#8221;4.20.4&#8243; _module_preset=&#8221;default&#8221; header_font=&#8221;|800|||||||&#8221; header_text_color=&#8221;#007C34&#8243; header_font_size=&#8221;35px&#8221; custom_padding=&#8221;20px||||false|false&#8221; global_colors_info=&#8221;{}&#8221;]<\/p>\n<h1>Mediacje a pytania og\u00f3lne<\/h1>\n<p>[\/et_pb_text][\/et_pb_column][et_pb_column type=&#8221;2_5&#8243; _builder_version=&#8221;4.20.4&#8243; _module_preset=&#8221;default&#8221; global_colors_info=&#8221;{}&#8221;][et_pb_blurb title=&#8221;Wy\u015blij pytanie do mediatora&#8221; url=&#8221;mailto:mediacje@fedorowska.pl&#8221; use_icon=&#8221;on&#8221; font_icon=&#8221;&#x74;||divi||400&#8243; icon_color=&#8221;#FFFFFF&#8221; _builder_version=&#8221;4.20.4&#8243; _module_preset=&#8221;default&#8221; header_text_align=&#8221;center&#8221; body_text_align=&#8221;center&#8221; background_color=&#8221;#003D03&#8243; use_background_color_gradient=&#8221;on&#8221; background_color_gradient_stops=&#8221;#007c34 0%|#033d03 100%&#8221; image_icon_custom_padding=&#8221;5px||5px||true|false&#8221; background_layout=&#8221;dark&#8221; custom_padding=&#8221;1vw|1vw|1vw|1vw|true|true&#8221; global_colors_info=&#8221;{}&#8221; theme_builder_area=&#8221;post_content&#8221;][\/et_pb_blurb][\/et_pb_column][\/et_pb_row][\/et_pb_section][et_pb_section fb_built=&#8221;1&#8243; _builder_version=&#8221;4.20.4&#8243; _module_preset=&#8221;default&#8221; custom_padding=&#8221;29px|||||&#8221; global_colors_info=&#8221;{}&#8221;][et_pb_row _builder_version=&#8221;4.20.4&#8243; _module_preset=&#8221;default&#8221; global_colors_info=&#8221;{}&#8221;][et_pb_column type=&#8221;4_4&#8243; _builder_version=&#8221;4.20.4&#8243; _module_preset=&#8221;default&#8221; global_colors_info=&#8221;{}&#8221;][et_pb_text module_id=&#8221;pytaniaogolne&#8221; _builder_version=&#8221;4.20.4&#8243; _module_preset=&#8221;default&#8221; header_2_text_color=&#8221;#007C34&#8243; header_2_font_size=&#8221;35px&#8221; global_colors_info=&#8221;{}&#8221;]<\/p>\n<h2 style=\"text-align: center;\">Mediacje a pytania og\u00f3lne:<\/h2>\n<p>[\/et_pb_text][\/et_pb_column][\/et_pb_row][et_pb_row _builder_version=&#8221;4.20.4&#8243; _module_preset=&#8221;default&#8221; global_colors_info=&#8221;{}&#8221;][et_pb_column type=&#8221;4_4&#8243; _builder_version=&#8221;4.20.4&#8243; _module_preset=&#8221;default&#8221; global_colors_info=&#8221;{}&#8221;][et_pb_accordion open_toggle_text_color=&#8221;#007C34&#8243; open_toggle_background_color=&#8221;#FFFFFF&#8221; closed_toggle_text_color=&#8221;#007C34&#8243; closed_toggle_background_color=&#8221;#f4f3f2&#8243; _builder_version=&#8221;4.20.4&#8243; _module_preset=&#8221;default&#8221; toggle_level=&#8221;h2&#8243; toggle_font_size=&#8221;18px&#8221; closed_toggle_line_height=&#8221;1.4em&#8221; hover_enabled=&#8221;0&#8243; border_color_all=&#8221;#007C34&#8243; global_colors_info=&#8221;{}&#8221; sticky_enabled=&#8221;0&#8243;][et_pb_accordion_item title=&#8221;Czym jest mediacja?&#8221; open=&#8221;off&#8221; _builder_version=&#8221;4.20.4&#8243; _module_preset=&#8221;default&#8221; hover_enabled=&#8221;0&#8243; global_colors_info=&#8221;{}&#8221; sticky_enabled=&#8221;0&#8243;]<\/p>\n<p><strong>Mediacja to konstruktywne zarz\u0105dzanie konfliktami. Prowadzi ona do osi\u0105gni\u0119cia porozumienia mi\u0119dzy stronami w obecno\u015bci mediatora, kt\u00f3ry jest osob\u0105 bezstronn\u0105, niezaanga\u017cowan\u0105 w konflikt. Innymi s\u0142owy mediacja jest metod\u0105 regulacji konfliktu za pomoc\u0105 neutralnych os\u00f3b trzecich.<\/strong><\/p>\n<p>Mediacja jest alternatywnym rozstrzyganiem spor\u00f3w, kt\u00f3rej uregulowanie prawne w Polsce zosta\u0142o poszerzone 28 lipca 2005 i wprowadzone w \u017cycie w grudniu 2005 roku. (patrz Kodeks Cywilny i Kodeks Post\u0119powania Cywilnego). Skierowana jest do szerszej grupy odbiorc\u00f3w, kt\u00f3rzy nie maj\u0105 czasu na d\u0142ugie procesy lub chc\u0105 unikn\u0105\u0107 niepotrzebnych koszt\u00f3w procesowych.<\/p>\n<p>Mediator ma za zadanie u\u0142atwi\u0107 osi\u0105gni\u0119cie ugody drog\u0105 negocjacji z obu stronami konfliktu.<\/p>\n<p>Mediacja zwi\u0119ksza mo\u017cliwo\u015b\u0107 i dost\u0119pno\u015b\u0107 prawnego rozstrzygni\u0119cia sporu cywilnego szybko, tanio i skutecznie.<\/p>\n<p>Ka\u017cda mediacja zako\u0144czona sukcesem \u2013 czyli podpisaniem ugody cywilno-prawnej, je\u015bli jest zgodna z prawem, nie narusza dobrych obyczaj\u00f3w, jest zrozumia\u0142a i nie zawiera sprzeczno\u015bci \u2013 zostaje na wniosek stron niezw\u0142ocznie zatwierdzona przez s\u0105d na posiedzeniu niejawnym i ma moc prawn\u0105 ugody zawartej przed s\u0105dem.<\/p>\n<p>W ten spos\u00f3b mediacja w 4 tygodnie pozwala pozaprocesowo za\u0142atwi\u0107 sporn\u0105 spraw\u0119 gospodarcz\u0105, cywiln\u0105, rodzinn\u0105, z zakresu prawa pracy itp.<\/p>\n<p>[\/et_pb_accordion_item][et_pb_accordion_item title=&#8221;Historia mediacji&#8221; _builder_version=&#8221;4.20.4&#8243; _module_preset=&#8221;default&#8221; hover_enabled=&#8221;0&#8243; global_colors_info=&#8221;{}&#8221; open=&#8221;on&#8221; sticky_enabled=&#8221;0&#8243;]<\/p>\n<p>Mediacja stosowana w obszarze prawnym narodzi\u0142a si\u0119 ok. 30 lat w Stanach Zjednoczonych, ale historia mediacji liczy sobie co najmniej 2000 lat.<br \/>Samo s\u0142owo pochodzi od greckiego \u201emedos\u201d, kt\u00f3re znaczy: po\u015brednicz\u0105cy, neutralny, nie przynale\u017cny do \u017cadnej ze stron.<\/p>\n<p>Wykorzystywana by\u0142a, jako \u015brodek rozwi\u0105zywania spor\u00f3w, np. mi\u0119dzy Spart\u0105 i Atenami, gdzie mediatorami byli ksi\u0105\u017c\u0119ta i kr\u00f3lowie.<br \/>W 1925 roku Wielka Brytania podj\u0119\u0142a si\u0119 mediacji mi\u0119dzy Brazyli\u0105 i Portugali\u0105. W 1849 roku Francja mediowa\u0142a mi\u0119dzy Angli\u0105 i Grecj\u0105.<\/p>\n<p>Najwi\u0119kszy rozkwit mediacji, jako skutecznej metody rozwi\u0105zywania spor\u00f3w zacz\u0105\u0142 si\u0119 w latach 70. w Stanach Zjednoczonych. Powodem by\u0142y problemy, dobrze znane w polskim s\u0105downictwie, a mianowicie: obci\u0105\u017cenie s\u0105d\u00f3w nadmiern\u0105 ilo\u015bci\u0105 spraw, wysokie koszty i d\u0142ugotrwa\u0142o\u015b\u0107 proces\u00f3w s\u0105dowych.<br \/>Wady te utrudnia\u0142y przeci\u0119tnemu obywatelowi korzystanie z ochrony prawnej. Dzisiaj w Polsce borykamy si\u0119 podobnymi problemami, kt\u00f3remu ma szans\u0119 zaradzi\u0107 wprowadzenie instytucji mediacji. Dzi\u0119ki niej ka\u017cdy obywatel mo\u017ce mie\u0107 \u0142atwy dost\u0119p do szybkiej i taniej ochrony prawnej. Ponadto w krajach, w kt\u00f3rych powszechnie korzysta si\u0119 mediacji, znacz\u0105co ro\u015bnie \u015bwiadomo\u015b\u0107 prawna spo\u0142ecze\u0144stwa.<\/p>\n<p>W 2002 roku Komisja Europejska wyda\u0142a Zielon\u0105 Ksi\u0119g\u0119 o alternatywnym rozwi\u0105zywaniu spor\u00f3w w prawie cywilnym i gospodarczym. Unia Europejska wyda\u0142a cztery rekomendacje, w kt\u00f3rych zaleca krajom cz\u0142onkowskim wprowadzenie i promocj\u0119 mediacji:<br \/>a. Rekomendacja w sprawach rodzinnych<br \/>b. Rekomendacja w sprawach karnych<br \/>c. Rekomendacja w sprawach cywilnych<br \/>d. Rekomendacja w sprawach dotycz\u0105cych post\u0119powania mi\u0119dzy organami administracji a osobami prawnymi.<\/p>\n<p>Mediacja jest powszechnie stosowana w takich krajach, jak: Belgia, Niemcy, Francja, W\u0142ochy, Wielka Brytania, Szwecja, Norwegia, Portugalia, Grecja, Finlandia, Luksemburg, Australia, USA, Kanada i wielu innych.<\/p>\n<p>Od kilku lat trwaj\u0105 badania nad skuteczno\u015bci\u0105 mediacji w prawie karnym, czym zajmowa\u0142 si\u0119 Zesp\u00f3\u0142 do Spraw Wprowadzenia Mediacji w Polsce, powo\u0142any w grudniu 2005 roku. Ten autonomiczny zesp\u00f3\u0142 zaj\u0105\u0142 si\u0119: opracowaniem projektu przepis\u00f3w prawnych oraz opinii i zasad dotycz\u0105cych wprowadzania mediacji w ramach systemu wymiaru sprawiedliwo\u015bci w sprawach karnych przeciwko m\u0142odocianym i doros\u0142ym oraz kontynuowaniem eksperymentalnego programu mediacji w sprawach nieletnich w kilku wybranych okr\u0119gach s\u0105d\u00f3w rodzinnych (np. organizowaniem szkole\u0144, wydawaniem materia\u0142\u00f3w informacyjnych, tworzeniem o\u015brodk\u00f3w mediacyjnych, bie\u017c\u0105c\u0105 analiz\u0105 i ocen\u0105 ich dzia\u0142alno\u015bci itp.)<br \/>Teraz czas przyszed\u0142 na Polsk\u0119. 28 lipca 2005 roku zosta\u0142a uchwalona ustawa o mediacji, kt\u00f3ra wesz\u0142a w \u017cycie w grudniu 2005.<\/p>\n<p>[\/et_pb_accordion_item][et_pb_accordion_item title=&#8221; Co to jest posiedzenie mediacyjne?&#8221; _builder_version=&#8221;4.20.4&#8243; _module_preset=&#8221;default&#8221; hover_enabled=&#8221;0&#8243; global_colors_info=&#8221;{}&#8221; open=&#8221;off&#8221; sticky_enabled=&#8221;0&#8243;]<\/p>\n<p>Mediacje mog\u0105 si\u0119 odbywa\u0107 i najcz\u0119\u015bciej przebiegaj\u0105 na wsp\u00f3lnych spotkaniach zwa\u015bnionych stron w obecno\u015bci neutralnego mediatora. Takie spotkanie nazywamy posiedzeniem mediacyjnym. Na przeci\u0119tn\u0105 mediacj\u0119 sk\u0142adaj\u0105 si\u0119 zwykle trzy dwugodzinne posiedzenia.<\/p>\n<p>Na szczeg\u00f3lne \u017cyczenie stron lub z powodu braku mo\u017cliwo\u015bci osobistego stawiennictwa, mediacja mo\u017ce si\u0119 odbywa\u0107 bez wsp\u00f3lnych posiedze\u0144. Wtedy mediator prezentuje stronom stanowisko strony przeciwnej, pomaga im si\u0119 porozumie\u0107 za pomoc\u0105 \u015brodk\u00f3w komunikacji &#8211; telefonu, internetu lub korespondencji listownej.<\/p>\n<p>[\/et_pb_accordion_item][et_pb_accordion_item title=&#8221;Know how czyli jak to si\u0119 robi?&#8221; _builder_version=&#8221;4.20.4&#8243; _module_preset=&#8221;default&#8221; hover_enabled=&#8221;0&#8243; global_colors_info=&#8221;{}&#8221; open=&#8221;off&#8221; sticky_enabled=&#8221;0&#8243;]<\/p>\n<p>Je\u015bli wniosek lub pozew zosta\u0142 z\u0142o\u017cony w s\u0105dzie, napisz do s\u0105du i zostaw w biurze podawczym s\u0105du podanie o skierowanie sprawy do mediacji, wskazuj\u0105c swojego mediatora lub prosz\u0105c o wyznaczenie mediatora przez s\u0105d.<\/p>\n<p>Je\u017celi jeste\u015b w sporze, kt\u00f3ry wydaje Ci si\u0119 trudny do rozwi\u0105zania, a sprawa nie zosta\u0142a jeszcze z\u0142o\u017cona w s\u0105dzie, skontaktuj si\u0119 ze swoim mediatorem. On pomo\u017ce Ci rozwi\u0105za\u0107 spraw\u0119 taniej i szybciej ni\u017c na drodze s\u0105dowej. Nawi\u0105\u017c z nim kontakt telefoniczny, internetowy lub osobisty. Pami\u0119taj o wcze\u015bniejszym ustaleniu terminu za\u0142atwienia sprawy.<\/p>\n<p>Mediator zadba o wyja\u015bnienie w\u0105tpliwo\u015bci, tre\u015bci umowy, przekazanie informacji i zaproszenie do mediacji stronie przeciwnej. Zgod\u0119 na mediacj\u0119 drugiej strony mo\u017cna r\u00f3wnie\u017c uzyska\u0107 \u2013 na \u017cyczenie \u2013 za po\u015brednictwem mediatora. To znacznie przyspiesza dat\u0119 przyst\u0105pienia do mediacji.<\/p>\n<p>Je\u015bli masz w\u0105tpliwo\u015bci, zapytaj mediatora i we\u017a sprawy w swoje r\u0119ce.<\/p>\n<p>Mediator Dorota Fedorowska<br \/>Tel: 602 1245 60<\/p>\n<p>[\/et_pb_accordion_item][et_pb_accordion_item title=&#8221;Czy wszystkie sprawy sporne nadaj\u0105 si\u0119 do mediacji?&#8221; _builder_version=&#8221;4.20.4&#8243; _module_preset=&#8221;default&#8221; hover_enabled=&#8221;0&#8243; global_colors_info=&#8221;{}&#8221; open=&#8221;off&#8221; sticky_enabled=&#8221;0&#8243;]<\/p>\n<p>Aby sprawdzi\u0107 czy Twoja sprawa nadaje si\u0119 do mediacji, odpowiedz na poni\u017csze pytania:<\/p>\n<ul>\n<li>Czy masz problem z niep\u0142ac\u0105cym kontrahentem?<\/li>\n<li>Czy jeste\u015b zad\u0142u\u017cony\/zad\u0142u\u017cona wobec banku lub innej instytucji, albo kto\u015b jest Tobie winien pieni\u0105dze?<\/li>\n<li>Czy masz sp\u00f3r z firm\u0105 ubezpieczeniow\u0105?<\/li>\n<li>Czy masz konflikt ze swoim pracownikiem lub pracodawc\u0105?<\/li>\n<li>Czy czeka Ci\u0119 podzia\u0142 maj\u0105tku?<\/li>\n<li>Czy chcesz uregulowa\u0107 spraw\u0119 aliment\u00f3w?<\/li>\n<li>Czy chcesz ustali\u0107 opiek\u0119 nad ma\u0142oletnim dzieckiem?<\/li>\n<li>Czy Twojemu zwi\u0105zkowi ma\u0142\u017ce\u0144skiemu grozi rozpad, ale istnieje szansa na jego utrzymanie?<\/li>\n<li>Czy masz sp\u00f3r z s\u0105siadem, kt\u00f3ry nie chce pokry\u0107 koszt\u00f3w remontu cz\u0119\u015bci wsp\u00f3lnej budynku?<\/li>\n<li>Czy masz roszczenia o naprawienie wyrz\u0105dzonej Ci szkody?<\/li>\n<li>Je\u017celi chocia\u017c na jedno pytanie odpowiedzia\u0142e\u015b TAK, warto rozwa\u017cy\u0107 podj\u0119cie mediacji.<\/li>\n<\/ul>\n<p>Warunkiem jest uzyskanie zgody obu stron na podj\u0119cie mediacji w celu rozwi\u0105zania sporu.<\/p>\n<p>O zgod\u0119 drugiej strony stara si\u0119 mediator w Twoim imieniu, gdy zlecisz mu przeprowadzenie mediacji w swojej sprawie.<\/p>\n<p>[\/et_pb_accordion_item][\/et_pb_accordion][\/et_pb_column][\/et_pb_row][\/et_pb_section][et_pb_section fb_built=&#8221;1&#8243; _builder_version=&#8221;4.20.4&#8243; _module_preset=&#8221;default&#8221; background_color=&#8221;#003D03&#8243; use_background_color_gradient=&#8221;on&#8221; background_color_gradient_direction=&#8221;90deg&#8221; background_color_gradient_stops=&#8221;#d0e7aa 0%|#007c34 22%|#033d03 52%&#8221; border_width_bottom=&#8221;2px&#8221; border_color_bottom=&#8221;#FFFFFF&#8221; global_colors_info=&#8221;{}&#8221; theme_builder_area=&#8221;post_content&#8221;][et_pb_row column_structure=&#8221;1_4,1_4,1_4,1_4&#8243; use_custom_gutter=&#8221;on&#8221; gutter_width=&#8221;2&#8243; make_equal=&#8221;on&#8221; _builder_version=&#8221;4.20.4&#8243; _module_preset=&#8221;default&#8221; global_colors_info=&#8221;{}&#8221; theme_builder_area=&#8221;post_content&#8221;][et_pb_column type=&#8221;1_4&#8243; _builder_version=&#8221;4.20.4&#8243; _module_preset=&#8221;default&#8221; border_width_all=&#8221;2px&#8221; border_color_all=&#8221;#A9834F&#8221; global_colors_info=&#8221;{}&#8221; theme_builder_area=&#8221;post_content&#8221;][et_pb_blurb title=&#8221;MEDIACJE A PYTANIA OG\u00d3LNE&#8221; url=&#8221;#pytaniaogolne&#8221; use_icon=&#8221;on&#8221; font_icon=&#8221;&#xe102;||divi||400&#8243; icon_color=&#8221;#A9834F&#8221; image_icon_width=&#8221;61px&#8221; _builder_version=&#8221;4.20.4&#8243; _module_preset=&#8221;default&#8221; header_text_color=&#8221;#A9834F&#8221; body_text_color=&#8221;#FFFFFF&#8221; image_icon_custom_margin=&#8221;10px|10px|10px|10px|false|false&#8221; custom_padding=&#8221;20px|20px|20px|20px|true|true&#8221; global_colors_info=&#8221;{}&#8221; theme_builder_area=&#8221;post_content&#8221;][\/et_pb_blurb][\/et_pb_column][et_pb_column type=&#8221;1_4&#8243; _builder_version=&#8221;4.20.4&#8243; _module_preset=&#8221;default&#8221; border_width_all=&#8221;2px&#8221; border_color_all=&#8221;#A9834F&#8221; global_colors_info=&#8221;{}&#8221; theme_builder_area=&#8221;post_content&#8221;][et_pb_blurb title=&#8221;MEDIACJE A PODZIA\u0141 MAJ\u0104TKU&#8221; use_icon=&#8221;on&#8221; font_icon=&#8221;&#xf4c0;||fa||900&#8243; icon_color=&#8221;#A9834F&#8221; image_icon_width=&#8221;61px&#8221; _builder_version=&#8221;4.20.4&#8243; _module_preset=&#8221;default&#8221; header_text_color=&#8221;#A9834F&#8221; body_text_color=&#8221;#FFFFFF&#8221; image_icon_custom_margin=&#8221;10px|10px|10px|10px|false|false&#8221; custom_padding=&#8221;20px|20px|20px|20px|true|true&#8221; global_colors_info=&#8221;{}&#8221; theme_builder_area=&#8221;post_content&#8221;][\/et_pb_blurb][\/et_pb_column][et_pb_column type=&#8221;1_4&#8243; _builder_version=&#8221;4.20.4&#8243; _module_preset=&#8221;default&#8221; border_width_all=&#8221;2px&#8221; border_color_all=&#8221;#A9834F&#8221; global_colors_info=&#8221;{}&#8221; theme_builder_area=&#8221;post_content&#8221;][et_pb_blurb title=&#8221;MEDIACJE A SPRAWY RODZINNE&#8221; use_icon=&#8221;on&#8221; font_icon=&#8221;&#xf0c0;||fa||900&#8243; icon_color=&#8221;#A9834F&#8221; image_icon_width=&#8221;61px&#8221; _builder_version=&#8221;4.20.4&#8243; _module_preset=&#8221;default&#8221; header_text_color=&#8221;#A9834F&#8221; body_text_color=&#8221;#FFFFFF&#8221; image_icon_custom_margin=&#8221;10px|10px|10px|10px|false|false&#8221; custom_padding=&#8221;20px|20px|20px|20px|true|true&#8221; global_colors_info=&#8221;{}&#8221; theme_builder_area=&#8221;post_content&#8221;][\/et_pb_blurb][\/et_pb_column][et_pb_column type=&#8221;1_4&#8243; _builder_version=&#8221;4.20.4&#8243; _module_preset=&#8221;default&#8221; border_width_all=&#8221;2px&#8221; border_color_all=&#8221;#A9834F&#8221; global_colors_info=&#8221;{}&#8221; theme_builder_area=&#8221;post_content&#8221;][et_pb_blurb title=&#8221;MEDIACJE A SPORY GOSPODARCZE&#8221; use_icon=&#8221;on&#8221; font_icon=&#8221;&#xf275;||fa||900&#8243; icon_color=&#8221;#A9834F&#8221; image_icon_width=&#8221;61px&#8221; _builder_version=&#8221;4.20.4&#8243; _module_preset=&#8221;default&#8221; header_text_color=&#8221;#A9834F&#8221; body_text_color=&#8221;#FFFFFF&#8221; image_icon_custom_margin=&#8221;10px|10px|10px|10px|false|false&#8221; custom_padding=&#8221;20px|20px|20px|20px|true|true&#8221; global_colors_info=&#8221;{}&#8221; theme_builder_area=&#8221;post_content&#8221;][\/et_pb_blurb][\/et_pb_column][\/et_pb_row][et_pb_row column_structure=&#8221;1_4,1_4,1_4,1_4&#8243; use_custom_gutter=&#8221;on&#8221; gutter_width=&#8221;2&#8243; make_equal=&#8221;on&#8221; _builder_version=&#8221;4.20.4&#8243; _module_preset=&#8221;default&#8221; global_colors_info=&#8221;{}&#8221; theme_builder_area=&#8221;post_content&#8221;][et_pb_column type=&#8221;1_4&#8243; _builder_version=&#8221;4.20.4&#8243; _module_preset=&#8221;default&#8221; border_width_all=&#8221;2px&#8221; border_color_all=&#8221;#A9834F&#8221; global_colors_info=&#8221;{}&#8221; theme_builder_area=&#8221;post_content&#8221;][et_pb_blurb title=&#8221;MEDIACJA A WINDYKACJA NALE\u017bNO\u015aCI&#8221; use_icon=&#8221;on&#8221; font_icon=&#8221;&#xe100;||divi||400&#8243; icon_color=&#8221;#A9834F&#8221; image_icon_width=&#8221;61px&#8221; _builder_version=&#8221;4.20.4&#8243; _module_preset=&#8221;default&#8221; header_text_color=&#8221;#A9834F&#8221; body_text_color=&#8221;#FFFFFF&#8221; image_icon_custom_margin=&#8221;10px|10px|10px|10px|false|false&#8221; custom_padding=&#8221;20px|20px|20px|20px|true|true&#8221; global_colors_info=&#8221;{}&#8221; theme_builder_area=&#8221;post_content&#8221;][\/et_pb_blurb][\/et_pb_column][et_pb_column type=&#8221;1_4&#8243; _builder_version=&#8221;4.20.4&#8243; _module_preset=&#8221;default&#8221; border_width_all=&#8221;2px&#8221; border_color_all=&#8221;#A9834F&#8221; global_colors_info=&#8221;{}&#8221; theme_builder_area=&#8221;post_content&#8221;][et_pb_blurb title=&#8221;MEDIACJE A WIELKIE KORPORACJE&#8221; use_icon=&#8221;on&#8221; font_icon=&#8221;&#xe0ef;||divi||400&#8243; icon_color=&#8221;#A9834F&#8221; image_icon_width=&#8221;61px&#8221; _builder_version=&#8221;4.20.4&#8243; _module_preset=&#8221;default&#8221; header_text_color=&#8221;#A9834F&#8221; body_text_color=&#8221;#FFFFFF&#8221; image_icon_custom_margin=&#8221;10px|10px|10px|10px|false|false&#8221; custom_padding=&#8221;20px|20px|20px|20px|true|true&#8221; global_colors_info=&#8221;{}&#8221; theme_builder_area=&#8221;post_content&#8221;][\/et_pb_blurb][\/et_pb_column][et_pb_column type=&#8221;1_4&#8243; _builder_version=&#8221;4.20.4&#8243; _module_preset=&#8221;default&#8221; border_width_all=&#8221;2px&#8221; border_color_all=&#8221;#A9834F&#8221; global_colors_info=&#8221;{}&#8221; theme_builder_area=&#8221;post_content&#8221;][et_pb_blurb title=&#8221;MEDIACJE A KOSZTY S\u0104DOWE&#8221; use_icon=&#8221;on&#8221; font_icon=&#8221;&#xe0ed;||divi||400&#8243; icon_color=&#8221;#A9834F&#8221; image_icon_width=&#8221;61px&#8221; _builder_version=&#8221;4.20.4&#8243; _module_preset=&#8221;default&#8221; header_text_color=&#8221;#A9834F&#8221; body_text_color=&#8221;#FFFFFF&#8221; image_icon_custom_margin=&#8221;10px|10px|10px|10px|false|false&#8221; custom_padding=&#8221;20px|20px|20px|20px|true|true&#8221; global_colors_info=&#8221;{}&#8221; theme_builder_area=&#8221;post_content&#8221;][\/et_pb_blurb][\/et_pb_column][et_pb_column type=&#8221;1_4&#8243; _builder_version=&#8221;4.20.4&#8243; _module_preset=&#8221;default&#8221; border_width_all=&#8221;2px&#8221; border_color_all=&#8221;#A9834F&#8221; global_colors_info=&#8221;{}&#8221; theme_builder_area=&#8221;post_content&#8221;][et_pb_blurb title=&#8221;MEDIACJE A SPRAWY KARNE&#8221; use_icon=&#8221;on&#8221; font_icon=&#8221;&#xf0e3;||fa||900&#8243; icon_color=&#8221;#A9834F&#8221; image_icon_width=&#8221;61px&#8221; _builder_version=&#8221;4.20.4&#8243; _module_preset=&#8221;default&#8221; header_text_color=&#8221;#A9834F&#8221; body_text_color=&#8221;#FFFFFF&#8221; image_icon_custom_margin=&#8221;10px|10px|10px|10px|false|false&#8221; custom_padding=&#8221;20px|20px|20px|20px|true|true&#8221; global_colors_info=&#8221;{}&#8221; theme_builder_area=&#8221;post_content&#8221;][\/et_pb_blurb][\/et_pb_column][\/et_pb_row][\/et_pb_section]<\/p>\n","protected":false},"excerpt":{"rendered":"<p>Mediacje a pytania og\u00f3lneMediacje a pytania og\u00f3lne:Mediacja to konstruktywne zarz\u0105dzanie konfliktami. Prowadzi ona do osi\u0105gni\u0119cia porozumienia mi\u0119dzy stronami w obecno\u015bci mediatora, kt\u00f3ry jest osob\u0105 bezstronn\u0105, niezaanga\u017cowan\u0105 w konflikt. Innymi s\u0142owy mediacja jest metod\u0105 regulacji konfliktu za pomoc\u0105 neutralnych os\u00f3b trzecich. Mediacja jest alternatywnym rozstrzyganiem spor\u00f3w, kt\u00f3rej uregulowanie prawne w Polsce zosta\u0142o poszerzone 28 lipca 2005 [&hellip;]<\/p>\n","protected":false},"author":1,"featured_media":0,"parent":0,"menu_order":0,"comment_status":"closed","ping_status":"closed","template":"","meta":{"_et_pb_use_builder":"on","_et_pb_old_content":"","_et_gb_content_width":"","footnotes":""},"class_list":["post-168","page","type-page","status-publish","hentry"],"_links":{"self":[{"href":"https:\/\/new.fedorowska.pl\/index.php\/wp-json\/wp\/v2\/pages\/168","targetHints":{"allow":["GET"]}}],"collection":[{"href":"https:\/\/new.fedorowska.pl\/index.php\/wp-json\/wp\/v2\/pages"}],"about":[{"href":"https:\/\/new.fedorowska.pl\/index.php\/wp-json\/wp\/v2\/types\/page"}],"author":[{"embeddable":true,"href":"https:\/\/new.fedorowska.pl\/index.php\/wp-json\/wp\/v2\/users\/1"}],"replies":[{"embeddable":true,"href":"https:\/\/new.fedorowska.pl\/index.php\/wp-json\/wp\/v2\/comments?post=168"}],"version-history":[{"count":3,"href":"https:\/\/new.fedorowska.pl\/index.php\/wp-json\/wp\/v2\/pages\/168\/revisions"}],"predecessor-version":[{"id":402,"href":"https:\/\/new.fedorowska.pl\/index.php\/wp-json\/wp\/v2\/pages\/168\/revisions\/402"}],"wp:attachment":[{"href":"https:\/\/new.fedorowska.pl\/index.php\/wp-json\/wp\/v2\/media?parent=168"}],"curies":[{"name":"wp","href":"https:\/\/api.w.org\/{rel}","templated":true}]}}